{"id":2778,"date":"2026-02-12T00:12:44","date_gmt":"2026-02-11T23:12:44","guid":{"rendered":"https:\/\/herrkamera.de\/cookie-richtlinie\/"},"modified":"2026-04-03T03:59:06","modified_gmt":"2026-04-03T01:59:06","slug":"cookie-richtlinie","status":"publish","type":"page","link":"https:\/\/herrkamera.de\/de\/cookie-richtlinie\/","title":{"rendered":"Cookie-Richtlinie"},"content":{"rendered":"\t\t<div data-elementor-type=\"wp-page\" data-elementor-id=\"2778\" class=\"elementor elementor-2778 elementor-2145\" data-elementor-post-type=\"page\">\n\t\t\t\t<div class=\"elementor-element elementor-element-9928f64 e-flex e-con-boxed e-con e-parent\" data-id=\"9928f64\" data-element_type=\"container\" data-e-type=\"container\" data-settings=\"{&quot;background_background&quot;:&quot;classic&quot;,&quot;jet_parallax_layout_list&quot;:[]}\">\n\t\t\t\t\t<div class=\"e-con-inner\">\n\t\t\t\t<div class=\"elementor-element elementor-element-aacd4e3 elementor-widget elementor-widget-heading\" data-id=\"aacd4e3\" data-element_type=\"widget\" data-e-type=\"widget\" data-widget_type=\"heading.default\">\n\t\t\t\t\t<h2 class=\"elementor-heading-title elementor-size-default\">Cookie-Richtlinie<\/h2>\t\t\t\t<\/div>\n\t\t\t\t<div class=\"elementor-element elementor-element-352f580 elementor-widget__width-initial elementor-widget-divider--view-line elementor-widget elementor-widget-divider\" data-id=\"352f580\" data-element_type=\"widget\" data-e-type=\"widget\" data-widget_type=\"divider.default\">\n\t\t\t\t\t\t\t<div class=\"elementor-divider\">\n\t\t\t<span class=\"elementor-divider-separator\">\n\t\t\t\t\t\t<\/span>\n\t\t<\/div>\n\t\t\t\t\t\t<\/div>\n\t\t\t\t<div class=\"elementor-element elementor-element-7ac34fc elementor-widget__width-initial elementor-widget elementor-widget-heading\" data-id=\"7ac34fc\" data-element_type=\"widget\" data-e-type=\"widget\" data-widget_type=\"heading.default\">\n\t\t\t\t\t<p class=\"elementor-heading-title elementor-size-default\">Dies ist der vollst\u00e4ndige Text der Cookie-Richtlinie f\u00fcr herrkamera.de. Bitte sorgf\u00e4ltig lesen. \n<\/p>\t\t\t\t<\/div>\n\t\t\t\t\t<\/div>\n\t\t\t\t<\/div>\n\t\t<div class=\"elementor-element elementor-element-4e5f54f e-flex e-con-boxed e-con e-parent\" data-id=\"4e5f54f\" data-element_type=\"container\" data-e-type=\"container\" data-settings=\"{&quot;background_background&quot;:&quot;classic&quot;,&quot;jet_parallax_layout_list&quot;:[]}\">\n\t\t\t\t\t<div class=\"e-con-inner\">\n\t\t\t\t<div class=\"elementor-element elementor-element-624d14c elementor-widget elementor-widget-text-editor\" data-id=\"624d14c\" data-element_type=\"widget\" data-e-type=\"widget\" data-widget_type=\"text-editor.default\">\n\t\t\t\t\t\t\t\t\t<h2>1. Was sind Cookies?<\/h2><p>Cookies sind kleine Textdateien, die auf Ihrem Ger\u00e4t gespeichert werden. \u00c4hnliche Technologien (z. B. lokaler Speicher oder Tracking-Pixel) k\u00f6nnen ebenfalls zum Einsatz kommen. Cookies tragen dazu bei, dass unsere Website funktional, sicher und benutzerfreundlich ist und erm\u00f6glichen uns \u2013 mit Ihrer Einwilligung \u2013 statistische Analysen durchzuf\u00fchren.  <\/p><h2>2. Rechtsgrundlage<\/h2><p>Die Speicherung von Informationen auf Ihrem Ger\u00e4t bzw. der Zugriff auf zuvor gespeicherte Informationen erfolgt gem\u00e4\u00df \u00a7 25 Telemediengesetz (TMG). Nicht notwendige Cookies werden nur mit Ihrer Einwilligung gesetzt (\u00a7 25 Abs. 1 TMG). <\/p><p>Technisch notwendige Cookies werden auf Grundlage von \u00a7 25 Abs. 2 Nr. 2 TMG verwendet.<\/p><p>Sofern personenbezogene Daten im Zusammenhang mit Cookies verarbeitet werden, erfolgt dies ebenfalls in \u00dcbereinstimmung mit der DSGVO.<\/p><p>insbesondere auf der Grundlage von Art. 6 Abs. 1 Buchst. a DSGVO (Einwilligung) oder Art. 6 Abs. 1 Buchst. b DSGVO (Erf\u00fcllung eines Vertrags).    <\/p><h2>3. Cookie-Einwilligung<\/h2><p>Bei Ihrem ersten Besuch auf unserer Website k\u00f6nnen Sie \u00fcber unser Cookie-Banner ausw\u00e4hlen, welche optionalen Cookies Sie zulassen m\u00f6chten.<\/p><p>Sie k\u00f6nnen Ihre Einwilligung jederzeit \u00fcber den Link &#8222;Cookie-Einstellungen&#8220; in der Fu\u00dfzeile unserer Website widerrufen oder anpassen.<\/p><h2>4. Verwendete Cookie-Kategorien<\/h2><h3>4.1 Notwendige Cookies<\/h3><p>Diese Cookies sind notwendig, um grundlegende Website-Funktionen bereitzustellen.<\/p><p>Dazu geh\u00f6ren Anmeldefunktionen, Sicherheitsmechanismen, Buchungsprozesse und Zahlungsabwicklung.<\/p><ul><li>Zwecke: Anmeldung\/Sitzung, Sicherheit, Terminbuchung, Zahlungsabwicklung<\/li><li>Rechtsgrundlage: \u00a7 25 Abs. 2 Nr. 2 TDDDG; Art. 6 Abs. 1 lit. b DSGVO <\/li><li>Speicherdauer: Sitzungscookies oder bis zu 12 Monate (je nach Funktion)<\/li><\/ul><p><strong>Booking System:<\/strong> JetAppointment (WordPress plugin, server-side processingBuchungssystem: JetAppointment (WordPress-Plugin, serverseitige Verarbeitung)<\/p><p>Zahlungsdienstleister: PayPal<br>Bei Zahlungen \u00fcber PayPal werden m\u00f6glicherweise technisch notwendige Cookies gesetzt.<\/p><p>Anbieter ist PayPal (Europe) S.\u00e0 r.l. et Cie, S.C.A., Luxemburg.<\/p><p>Weitere Informationen finden Sie in der PayPal-Datenschutzerkl\u00e4rung:<\/p><p> <\/p><p>https:\/\/www.paypal.com\/de\/webapps\/mpp\/ua\/privacy-full<\/p><h3>4.2 Statistik \/ Analyse (Google Analytics 4)<\/h3><p>Wenn Sie Ihre Zustimmung erteilen, verwenden wir Google Analytics 4, um die Nutzung unserer Website zu analysieren.<\/p><p>Anbieter ist Google Ireland Limited. Daten k\u00f6nnen in die USA \u00fcbertragen werden. <\/p><ul><li>Zweck: Messung und Verbesserung der Website-Reichweite<\/li><li>Rechtsgrundlage: \u00a7 25 Abs. 1 TDDG; Art. 6 Abs. 1 Buchst. a DSGVO<\/li><li>Lagerdauer: bis zu 14 Monate<\/li><\/ul><p>Weitere Informationen:<\/p><p><a href=\"https:\/\/policies.google.com\/privacy\" target=\"_blank\" rel=\"noopener\"><br>https:\/\/policies.google.com\/privacy<br><\/a><\/p><h2>5. Lagerdauer<\/h2><p>Session-Cookies werden nach Ende Ihres Besuchs automatisch gel\u00f6scht.<\/p><p>Persistente Cookies bleiben so lange gespeichert, bis sie automatisch ablaufen oder Sie sie manuell l\u00f6schen.<\/p><h2>6. Cookies verwalten<\/h2><p>Sie k\u00f6nnen Cookies jederzeit \u00fcber Ihre Browsereinstellungen l\u00f6schen oder blockieren.<\/p><p>Bitte beachten Sie, dass dies bestimmte Funktionen einschr\u00e4nken kann (z. B. Anmeldung oder Zahlung).<\/p><h2>7. Weitere Informationen<\/h2><p>Weitere Informationen zur Verarbeitung personenbezogener Daten finden Sie in unserer Datenschutzerkl\u00e4rung.<\/p><p><a href=\"https:\/\/herrkamera.de\/de\/data-privacy\/\" target=\"_blank\" rel=\"noopener\"><br>Datenschutzrichtlinie<\/a><\/p><p> <\/p><p><a href=\"mailto:kontakt@herrkamera.de\">Kontakt<br>kontakt@herrkamera.de<\/a><\/p>\t\t\t\t\t\t\t\t<\/div>\n\t\t\t\t\t<\/div>\n\t\t\t\t<\/div>\n\t\t<div class=\"elementor-element elementor-element-b55b92a e-flex e-con-boxed e-con e-parent\" data-id=\"b55b92a\" data-element_type=\"container\" data-e-type=\"container\" data-settings=\"{&quot;background_background&quot;:&quot;classic&quot;,&quot;jet_parallax_layout_list&quot;:[]}\">\n\t\t\t\t\t<div class=\"e-con-inner\">\n\t\t<div class=\"elementor-element elementor-element-356165f e-con-full e-flex e-con e-child\" data-id=\"356165f\" data-element_type=\"container\" data-e-type=\"container\" data-settings=\"{&quot;jet_parallax_layout_list&quot;:[]}\">\n\t\t\t\t<div class=\"elementor-element elementor-element-187be13 elementor-widget elementor-widget-heading\" data-id=\"187be13\" data-element_type=\"widget\" data-e-type=\"widget\" data-widget_type=\"heading.default\">\n\t\t\t\t\t<h2 class=\"elementor-heading-title elementor-size-default\">Ben\u00f6tigen Sie Hilfe bei der Erstellung professioneller visueller Inhalte? Lassen Sie uns zusammenarbeiten! \n<\/h2>\t\t\t\t<\/div>\n\t\t\t\t<div class=\"elementor-element elementor-element-51756cf elementor-align-justify elementor-widget__width-initial elementor-mobile-align-left elementor-widget elementor-widget-button\" data-id=\"51756cf\" data-element_type=\"widget\" data-e-type=\"widget\" data-widget_type=\"button.default\">\n\t\t\t\t\t\t\t\t\t\t<a class=\"elementor-button elementor-button-link elementor-size-sm\" href=\"https:\/\/herrkamera.de\/de\/kontakt\/\">\n\t\t\t\t\t\t<span class=\"elementor-button-content-wrapper\">\n\t\t\t\t\t\t\t\t\t<span class=\"elementor-button-text\">Kontaktieren Sie uns<\/span>\n\t\t\t\t\t<\/span>\n\t\t\t\t\t<\/a>\n\t\t\t\t\t\t\t\t<\/div>\n\t\t\t\t<\/div>\n\t\t\t\t\t<\/div>\n\t\t\t\t<\/div>\n\t\t\t\t<\/div>\n\t\t","protected":false},"excerpt":{"rendered":"<p>Cookie-Richtlinie Dies ist der vollst\u00e4ndige Text der Cookie-Richtlinie f\u00fcr herrkamera.de. Bitte sorgf\u00e4ltig lesen. 1. Was sind Cookies? Cookies sind kleine Textdateien, die auf Ihrem Ger\u00e4t gespeichert werden. \u00c4hnliche Technologien (z. B. lokaler Speicher oder Tracking-Pixel) k\u00f6nnen ebenfalls zum Einsatz kommen. Cookies tragen dazu bei, dass unsere Website funktional, sicher und benutzerfreundlich ist und erm\u00f6glichen uns [&hellip;]<\/p>\n","protected":false},"author":1,"featured_media":0,"parent":0,"menu_order":0,"comment_status":"closed","ping_status":"closed","template":"","meta":{"_jf_save_progress":"","_jf_schedule_form":"","_jf_limit_responses":"","footnotes":""},"class_list":["post-2778","page","type-page","status-publish","hentry"],"_links":{"self":[{"href":"https:\/\/herrkamera.de\/de\/wp-json\/wp\/v2\/pages\/2778","targetHints":{"allow":["GET"]}}],"collection":[{"href":"https:\/\/herrkamera.de\/de\/wp-json\/wp\/v2\/pages"}],"about":[{"href":"https:\/\/herrkamera.de\/de\/wp-json\/wp\/v2\/types\/page"}],"author":[{"embeddable":true,"href":"https:\/\/herrkamera.de\/de\/wp-json\/wp\/v2\/users\/1"}],"replies":[{"embeddable":true,"href":"https:\/\/herrkamera.de\/de\/wp-json\/wp\/v2\/comments?post=2778"}],"version-history":[{"count":2,"href":"https:\/\/herrkamera.de\/de\/wp-json\/wp\/v2\/pages\/2778\/revisions"}],"predecessor-version":[{"id":3399,"href":"https:\/\/herrkamera.de\/de\/wp-json\/wp\/v2\/pages\/2778\/revisions\/3399"}],"wp:attachment":[{"href":"https:\/\/herrkamera.de\/de\/wp-json\/wp\/v2\/media?parent=2778"}],"curies":[{"name":"wp","href":"https:\/\/api.w.org\/{rel}","templated":true}]}}