{"id":2791,"date":"2026-02-08T22:08:25","date_gmt":"2026-02-08T21:08:25","guid":{"rendered":"https:\/\/herrkamera.de\/geschaeftsbedingungen\/"},"modified":"2026-04-03T03:57:29","modified_gmt":"2026-04-03T01:57:29","slug":"geschaeftsbedingungen","status":"publish","type":"page","link":"https:\/\/herrkamera.de\/de\/geschaeftsbedingungen\/","title":{"rendered":"Gesch\u00e4ftsbedingungen"},"content":{"rendered":"\t\t<div data-elementor-type=\"wp-page\" data-elementor-id=\"2791\" class=\"elementor elementor-2791 elementor-1974\" data-elementor-post-type=\"page\">\n\t\t\t\t<div class=\"elementor-element elementor-element-9928f64 e-flex e-con-boxed e-con e-parent\" data-id=\"9928f64\" data-element_type=\"container\" data-e-type=\"container\" data-settings=\"{&quot;background_background&quot;:&quot;classic&quot;,&quot;jet_parallax_layout_list&quot;:[]}\">\n\t\t\t\t\t<div class=\"e-con-inner\">\n\t\t\t\t<div class=\"elementor-element elementor-element-aacd4e3 elementor-widget elementor-widget-heading\" data-id=\"aacd4e3\" data-element_type=\"widget\" data-e-type=\"widget\" data-widget_type=\"heading.default\">\n\t\t\t\t\t<h2 class=\"elementor-heading-title elementor-size-default\">Gesch\u00e4ftsbedingungen<\/h2>\t\t\t\t<\/div>\n\t\t\t\t<div class=\"elementor-element elementor-element-352f580 elementor-widget__width-initial elementor-widget-divider--view-line elementor-widget elementor-widget-divider\" data-id=\"352f580\" data-element_type=\"widget\" data-e-type=\"widget\" data-widget_type=\"divider.default\">\n\t\t\t\t\t\t\t<div class=\"elementor-divider\">\n\t\t\t<span class=\"elementor-divider-separator\">\n\t\t\t\t\t\t<\/span>\n\t\t<\/div>\n\t\t\t\t\t\t<\/div>\n\t\t\t\t<div class=\"elementor-element elementor-element-7ac34fc elementor-widget__width-initial elementor-widget elementor-widget-heading\" data-id=\"7ac34fc\" data-element_type=\"widget\" data-e-type=\"widget\" data-widget_type=\"heading.default\">\n\t\t\t\t\t<p class=\"elementor-heading-title elementor-size-default\">Dies ist der vollst\u00e4ndige Text der Nutzungsbedingungen f\u00fcr herrkamera.de. Lesen Sie sorgf\u00e4ltig\n<\/p>\t\t\t\t<\/div>\n\t\t\t\t\t<\/div>\n\t\t\t\t<\/div>\n\t\t<div class=\"elementor-element elementor-element-4e5f54f e-flex e-con-boxed e-con e-parent\" data-id=\"4e5f54f\" data-element_type=\"container\" data-e-type=\"container\" data-settings=\"{&quot;background_background&quot;:&quot;classic&quot;,&quot;jet_parallax_layout_list&quot;:[]}\">\n\t\t\t\t\t<div class=\"e-con-inner\">\n\t\t\t\t<div class=\"elementor-element elementor-element-624d14c elementor-widget elementor-widget-text-editor\" data-id=\"624d14c\" data-element_type=\"widget\" data-e-type=\"widget\" data-widget_type=\"text-editor.default\">\n\t\t\t\t\t\t\t\t\t<p data-start=\"168\" data-end=\"457\">Durch den Zugriff auf und die Nutzung von herrkamera.de erkl\u00e4ren Sie sich mit diesen Nutzungsbedingungen einverstanden und sind an sie gebunden.<\/p><p data-start=\"168\" data-end=\"457\">Diese Bedingungen regeln Ihre Nutzung der Website, einschlie\u00dflich aller Inhalte, Dienste und Funktionen. Wenn Sie mit einem Teil dieser Bedingungen nicht einverstanden sind, nutzen Sie bitte nicht die Website.<\/p><p data-start=\"464\" data-end=\"781\">Alle auf herrkamera.de ver\u00f6ffentlichten Inhalte dienen ausschlie\u00dflich allgemeinen Informationszwecken. Wir behalten uns das Recht vor, Teile der Website jederzeit ohne vorherige Ank\u00fcndigung zu \u00e4ndern, auszusetzen oder einzustellen. Die unbefugte Nutzung, Vervielf\u00e4ltigung oder Verbreitung von Website-Inhalten ist untersagt, sofern nicht ausdr\u00fccklich gestattet.<\/p><p data-start=\"788\" data-end=\"1090\">Die Nutzer verpflichten sich, diese Website rechtm\u00e4\u00dfig und in einer Weise zu nutzen, die weder die Rechte anderer verletzt noch die Nutzung der Website durch andere einschr\u00e4nkt oder behindert. Wir haften nicht f\u00fcr Sch\u00e4den, die aus der Nutzung oder der Unm\u00f6glichkeit der Nutzung dieser Website entstehen, es sei denn, die Haftung ist nach geltendem Recht erforderlich.<\/p><p data-start=\"1097\" data-end=\"1318\">Diese Nutzungsbedingungen unterliegen dem Recht der Bundesrepublik Deutschland. Durch die Nutzung dieser Website erkl\u00e4ren Sie sich damit einverstanden, dass die Gerichte Deutschlands die ausschlie\u00dfliche Zust\u00e4ndigkeit f\u00fcr alle Streitigkeiten haben, die sich aus diesen Bedingungen ergeben.<\/p><p>Wichtiger Hinweis:<\/p><p>Bitte beachten Sie, dass f\u00fcr die Reservierung Ihres Foto-, Video- und Bearbeitungstermins eine Geb\u00fchr von 100 \u20ac f\u00e4llig wird. Diese Geb\u00fchr ist im Falle einer Stornierung nicht erstattungsf\u00e4hig.<\/p>\t\t\t\t\t\t\t\t<\/div>\n\t\t\t\t\t<\/div>\n\t\t\t\t<\/div>\n\t\t<div class=\"elementor-element elementor-element-b55b92a e-flex e-con-boxed e-con e-parent\" data-id=\"b55b92a\" data-element_type=\"container\" data-e-type=\"container\" data-settings=\"{&quot;background_background&quot;:&quot;classic&quot;,&quot;jet_parallax_layout_list&quot;:[]}\">\n\t\t\t\t\t<div class=\"e-con-inner\">\n\t\t<div class=\"elementor-element elementor-element-356165f e-con-full e-flex e-con e-child\" data-id=\"356165f\" data-element_type=\"container\" data-e-type=\"container\" data-settings=\"{&quot;jet_parallax_layout_list&quot;:[]}\">\n\t\t\t\t<div class=\"elementor-element elementor-element-187be13 elementor-widget elementor-widget-heading\" data-id=\"187be13\" data-element_type=\"widget\" data-e-type=\"widget\" data-widget_type=\"heading.default\">\n\t\t\t\t\t<h2 class=\"elementor-heading-title elementor-size-default\">Ben\u00f6tigen Sie Hilfe bei der Erstellung professioneller visueller Inhalte? Lasst uns zusammenarbeiten!\n<\/h2>\t\t\t\t<\/div>\n\t\t\t\t<div class=\"elementor-element elementor-element-51756cf elementor-align-justify elementor-widget__width-initial elementor-mobile-align-left elementor-widget elementor-widget-button\" data-id=\"51756cf\" data-element_type=\"widget\" data-e-type=\"widget\" data-widget_type=\"button.default\">\n\t\t\t\t\t\t\t\t\t\t<a class=\"elementor-button elementor-button-link elementor-size-sm\" href=\"https:\/\/herrkamera.de\/de\/kontakt\/\">\n\t\t\t\t\t\t<span class=\"elementor-button-content-wrapper\">\n\t\t\t\t\t\t\t\t\t<span class=\"elementor-button-text\">Kontaktieren Sie uns<\/span>\n\t\t\t\t\t<\/span>\n\t\t\t\t\t<\/a>\n\t\t\t\t\t\t\t\t<\/div>\n\t\t\t\t<\/div>\n\t\t\t\t\t<\/div>\n\t\t\t\t<\/div>\n\t\t\t\t<\/div>\n\t\t","protected":false},"excerpt":{"rendered":"<p>Gesch\u00e4ftsbedingungen Dies ist der vollst\u00e4ndige Text der Nutzungsbedingungen f\u00fcr herrkamera.de. Lesen Sie sorgf\u00e4ltig Durch den Zugriff auf und die Nutzung von herrkamera.de erkl\u00e4ren Sie sich mit diesen Nutzungsbedingungen einverstanden und sind an sie gebunden. Diese Bedingungen regeln Ihre Nutzung der Website, einschlie\u00dflich aller Inhalte, Dienste und Funktionen. Wenn Sie mit einem Teil dieser Bedingungen nicht [&hellip;]<\/p>\n","protected":false},"author":1,"featured_media":0,"parent":0,"menu_order":0,"comment_status":"closed","ping_status":"closed","template":"","meta":{"_jf_save_progress":"","_jf_schedule_form":"","_jf_limit_responses":"","footnotes":""},"class_list":["post-2791","page","type-page","status-publish","hentry"],"_links":{"self":[{"href":"https:\/\/herrkamera.de\/de\/wp-json\/wp\/v2\/pages\/2791","targetHints":{"allow":["GET"]}}],"collection":[{"href":"https:\/\/herrkamera.de\/de\/wp-json\/wp\/v2\/pages"}],"about":[{"href":"https:\/\/herrkamera.de\/de\/wp-json\/wp\/v2\/types\/page"}],"author":[{"embeddable":true,"href":"https:\/\/herrkamera.de\/de\/wp-json\/wp\/v2\/users\/1"}],"replies":[{"embeddable":true,"href":"https:\/\/herrkamera.de\/de\/wp-json\/wp\/v2\/comments?post=2791"}],"version-history":[{"count":2,"href":"https:\/\/herrkamera.de\/de\/wp-json\/wp\/v2\/pages\/2791\/revisions"}],"predecessor-version":[{"id":3393,"href":"https:\/\/herrkamera.de\/de\/wp-json\/wp\/v2\/pages\/2791\/revisions\/3393"}],"wp:attachment":[{"href":"https:\/\/herrkamera.de\/de\/wp-json\/wp\/v2\/media?parent=2791"}],"curies":[{"name":"wp","href":"https:\/\/api.w.org\/{rel}","templated":true}]}}