{"id":2797,"date":"2025-12-26T20:31:55","date_gmt":"2025-12-26T19:31:55","guid":{"rendered":"https:\/\/herrkamera.de\/fotoservice\/"},"modified":"2026-04-19T23:33:19","modified_gmt":"2026-04-19T21:33:19","slug":"fotoservice","status":"publish","type":"page","link":"https:\/\/herrkamera.de\/de\/fotoservice\/","title":{"rendered":"Fotoservice"},"content":{"rendered":"\t\t<div data-elementor-type=\"wp-page\" data-elementor-id=\"2797\" class=\"elementor elementor-2797 elementor-1657\" data-elementor-post-type=\"page\">\n\t\t\t\t<div class=\"elementor-element elementor-element-cbff504 e-flex e-con-boxed e-con e-parent\" data-id=\"cbff504\" data-element_type=\"container\" data-e-type=\"container\" data-settings=\"{&quot;background_background&quot;:&quot;classic&quot;,&quot;jet_parallax_layout_list&quot;:[]}\">\n\t\t\t\t\t<div class=\"e-con-inner\">\n\t\t\t\t<div class=\"elementor-element elementor-element-e962460 elementor-widget elementor-widget-heading\" data-id=\"e962460\" data-element_type=\"widget\" data-e-type=\"widget\" data-widget_type=\"heading.default\">\n\t\t\t\t\t<h2 class=\"elementor-heading-title elementor-size-default\">Fotoservice<\/h2>\t\t\t\t<\/div>\n\t\t\t\t<div class=\"elementor-element elementor-element-f82e51b elementor-widget__width-initial elementor-widget-divider--view-line elementor-widget elementor-widget-divider\" data-id=\"f82e51b\" data-element_type=\"widget\" data-e-type=\"widget\" data-widget_type=\"divider.default\">\n\t\t\t\t\t\t\t<div class=\"elementor-divider\">\n\t\t\t<span class=\"elementor-divider-separator\">\n\t\t\t\t\t\t<\/span>\n\t\t<\/div>\n\t\t\t\t\t\t<\/div>\n\t\t\t\t<div class=\"elementor-element elementor-element-2c33a67 elementor-widget__width-initial elementor-widget elementor-widget-heading\" data-id=\"2c33a67\" data-element_type=\"widget\" data-e-type=\"widget\" data-widget_type=\"heading.default\">\n\t\t\t\t\t<p class=\"elementor-heading-title elementor-size-default\">Wir bieten professionelle Fotodienstleistungen f\u00fcr Marken, Restaurants, Personal Branding und kommerzielle Projekte an.<\/p>\t\t\t\t<\/div>\n\t\t\t\t\t<\/div>\n\t\t\t\t<\/div>\n\t\t<div class=\"elementor-element elementor-element-e218267 e-flex e-con-boxed e-con e-parent\" data-id=\"e218267\" data-element_type=\"container\" data-e-type=\"container\" data-settings=\"{&quot;jet_parallax_layout_list&quot;:[]}\">\n\t\t\t\t\t<div class=\"e-con-inner\">\n\t\t<div class=\"elementor-element elementor-element-40d8bb0 e-con-full e-flex e-con e-child\" data-id=\"40d8bb0\" data-element_type=\"container\" data-e-type=\"container\" data-settings=\"{&quot;jet_parallax_layout_list&quot;:[]}\">\n\t\t\t\t<div class=\"elementor-element elementor-element-2e519bd elementor-view-default elementor-position-block-start elementor-mobile-position-block-start elementor-widget elementor-widget-icon-box\" data-id=\"2e519bd\" data-element_type=\"widget\" data-e-type=\"widget\" data-widget_type=\"icon-box.default\">\n\t\t\t\t\t\t\t<div class=\"elementor-icon-box-wrapper\">\n\n\t\t\t\t\t\t<div class=\"elementor-icon-box-icon\">\n\t\t\t\t<span  class=\"elementor-icon elementor-animation-bob\">\n\t\t\t\t<svg xmlns=\"http:\/\/www.w3.org\/2000\/svg\" width=\"125.000000pt\" height=\"125.000000pt\" viewBox=\"0 0 125.000000 125.000000\" preserveAspectRatio=\"xMidYMid meet\" style=\"width: 125px; height: auto;\"><g transform=\"translate(0.000000,125.000000) scale(0.100000,-0.100000)\" fill=\"#000000\" stroke=\"none\"><path d=\"M0 625 l0 -625 625 0 625 0 0 625 0 625 -625 0 -625 0 0 -625z m730 290 c12 -4 17 -11 13 -18 -4 -7 2 -5 13 3 10 8 16 11 12 6 -17 -20 69 -103 115 -112 23 -4 59 -39 70 -67 5 -13 3 -16 -6 -11 -9 6 -9 4 1 -8 9 -12 12 -55 11 -161 -2 -144 -2 -146 -29 -176 -18 -19 -24 -32 -16 -35 6 -3 1 -3 -11 0 -13 3 -23 2 -23 -3 0 -9 -16 -10 -290 -12 -240 -2 -222 -3 -215 9 3 6 -4 10 -16 10 -12 0 -19 3 -16 6 4 4 -3 16 -16 26 -21 18 -22 29 -25 169 -2 83 -1 160 2 172 8 34 62 84 97 91 17 3 28 10 24 16 -4 6 1 7 11 3 13 -5 16 -3 11 10 -3 9 -3 16 1 15 8 -3 62 50 62 61 0 9 193 15 220 6z\" class=\"\"><\/path><path d=\"M494 843 c-50 -63 -63 -73 -95 -73 -18 0 -35 -9 -48 -26 -19 -24 -21 -40 -21 -175 0 -89 5 -158 11 -173 20 -43 48 -47 308 -44 305 4 281 -14 281 208 0 144 -2 160 -21 184 -14 18 -30 26 -50 26 -21 0 -37 9 -52 27 -77 94 -76 93 -180 93 l-96 0 -37 -47z m273 -38 c37 -47 48 -55 76 -55 18 0 38 -5 45 -12 17 -17 17 -329 0 -346 -17 -17 -499 -17 -516 0 -17 17 -17 332 1 346 6 6 28 12 47 14 27 2 42 13 75 55 l40 52 95 0 95 1 42 -55z\" class=\"\"><\/path><path d=\"M534 808 c-10 -12 -13 -18 -5 -13 10 5 12 4 7 -3 -4 -7 -14 -12 -22 -12 -8 0 -13 -4 -9 -9 3 -5 -4 -12 -15 -16 -11 -3 -25 -15 -30 -26 -6 -10 -15 -19 -21 -19 -6 0 -8 4 -5 9 4 5 -6 5 -21 -1 l-28 -10 3 -142 c2 -77 4 -145 4 -151 1 -6 77 -9 212 -8 116 2 224 3 239 3 l28 0 -2 149 c-1 148 -1 149 -25 160 -32 14 -37 14 -28 -1 4 -7 -20 15 -53 50 l-59 62 -76 0 c-64 0 -78 -3 -94 -22z m132 -70 c3 -4 13 -4 22 -1 11 5 13 3 7 -7 -6 -10 -4 -12 11 -6 10 4 16 4 13 1 -4 -3 9 -21 28 -40 22 -22 33 -41 29 -51 -3 -8 -2 -13 3 -10 12 8 4 -73 -9 -89 -5 -6 -7 -14 -4 -17 7 -8 -28 -48 -37 -43 -4 3 -13 -3 -20 -13 -13 -15 -12 -16 3 -4 12 10 18 10 24 1 4 -7 3 -9 -4 -5 -6 3 -13 2 -16 -2 -3 -5 -34 -10 -70 -11 -56 -2 -67 1 -87 21 -12 13 -19 16 -15 8 5 -9 2 -8 -7 3 -16 19 -32 24 -21 5 5 -7 3 -8 -5 -4 -7 5 -10 14 -7 22 3 8 0 14 -6 14 -6 0 -8 3 -5 6 4 4 -1 19 -10 34 -10 18 -13 34 -8 46 5 11 7 23 6 27 0 4 4 18 11 30 7 12 11 27 9 32 -1 6 0 7 4 3 4 -4 17 5 29 18 28 33 111 53 132 32z\"><\/path><path d=\"M585 706 c-85 -38 -106 -144 -39 -207 21 -20 36 -24 84 -24 69 0 103 24 122 86 27 93 -79 185 -167 145z m114 -45 c54 -50 39 -133 -29 -161 -46 -19 -101 0 -125 43 -54 101 70 196 154 118z\"><\/path><path d=\"M651 653 c10 -12 10 -15 1 -9 -20 12 -80 18 -62 6 13 -8 13 -10 -2 -10 -9 0 -21 -13 -26 -30 -9 -24 -7 -33 8 -53 11 -13 18 -26 16 -28 -3 -2 11 -5 30 -7 35 -2 88 23 79 38 -3 5 -1 11 3 14 17 10 5 48 -23 72 -33 28 -43 31 -24 7z m43 -31 c2 -4 -4 -8 -14 -8 -10 0 -16 4 -14 8 3 4 9 8 14 8 5 0 11 -4 14 -8z\"><\/path><\/g><\/svg>\t\t\t\t<\/span>\n\t\t\t<\/div>\n\t\t\t\n\t\t\t\t\t\t<div class=\"elementor-icon-box-content\">\n\n\t\t\t\t\t\t\t\t\t<h3 class=\"elementor-icon-box-title\">\n\t\t\t\t\t\t<span  >\n\t\t\t\t\t\t\tFotodienstleistungen\t\t\t\t\t\t<\/span>\n\t\t\t\t\t<\/h3>\n\t\t\t\t\n\t\t\t\t\t\t\t\t\t<p class=\"elementor-icon-box-description\">\n\t\t\t\t\t\tWir bieten professionelle Fotodienstleistungen f\u00fcr Marken, Restaurants, Personal Branding und kommerzielle Projekte an.\t\t\t\t\t<\/p>\n\t\t\t\t\n\t\t\t<\/div>\n\t\t\t\n\t\t<\/div>\n\t\t\t\t\t\t<\/div>\n\t\t\t\t<\/div>\n\t\t<div class=\"elementor-element elementor-element-d3fe916 e-con-full e-flex e-con e-child\" data-id=\"d3fe916\" data-element_type=\"container\" data-e-type=\"container\" data-settings=\"{&quot;jet_parallax_layout_list&quot;:[]}\">\n\t\t\t\t<div class=\"elementor-element elementor-element-16f98bc elementor-widget elementor-widget-heading\" data-id=\"16f98bc\" data-element_type=\"widget\" data-e-type=\"widget\" data-widget_type=\"heading.default\">\n\t\t\t\t\t<h3 class=\"elementor-heading-title elementor-size-default\">Unsere Fotodienstleistungen <\/h3>\t\t\t\t<\/div>\n\t\t\t\t<div class=\"elementor-element elementor-element-d24b612 elementor-widget elementor-widget-text-editor\" data-id=\"d24b612\" data-element_type=\"widget\" data-e-type=\"widget\" data-widget_type=\"text-editor.default\">\n\t\t\t\t\t\t\t\t\t<p>\u2022 Gesch\u00e4fts- und Unternehmensfotografie<br>\u2022 Portr\u00e4ts &amp; Personal Branding<br>\u2022 Innenarchitektur- und Architekturfotografie<br>\u2022 Produkt- und Speisekartenfotografie<\/p><p>Preis: ab \u20acXXX<\/p>\t\t\t\t\t\t\t\t<\/div>\n\t\t\t\t<\/div>\n\t\t\t\t\t<\/div>\n\t\t\t\t<\/div>\n\t\t<div class=\"elementor-element elementor-element-0572309 e-flex e-con-boxed e-con e-parent\" data-id=\"0572309\" data-element_type=\"container\" data-e-type=\"container\" data-settings=\"{&quot;jet_parallax_layout_list&quot;:[]}\">\n\t\t\t\t\t<div class=\"e-con-inner\">\n\t\t<div class=\"elementor-element elementor-element-50ffd9d e-con-full e-flex e-con e-child\" data-id=\"50ffd9d\" data-element_type=\"container\" data-e-type=\"container\" data-settings=\"{&quot;background_background&quot;:&quot;classic&quot;,&quot;jet_parallax_layout_list&quot;:[]}\">\n\t\t\t\t<div class=\"elementor-element elementor-element-799b9cf elementor-widget elementor-widget-heading\" data-id=\"799b9cf\" data-element_type=\"widget\" data-e-type=\"widget\" data-widget_type=\"heading.default\">\n\t\t\t\t\t<h2 class=\"elementor-heading-title elementor-size-default\">Bestellformular f\u00fcr ein Fotoberatungsgespr\u00e4ch (Terminvereinbarung)<\/h2>\t\t\t\t<\/div>\n\t\t\t\t<div class=\"elementor-element elementor-element-1c5df46 elementor-widget elementor-widget-jet-form-builder-form\" data-id=\"1c5df46\" data-element_type=\"widget\" data-e-type=\"widget\" data-widget_type=\"jet-form-builder-form.default\">\n\t\t\t\t<div class=\"elementor-widget-container\">\n\t\t\t\t\t<link rel='stylesheet' id='wp-block-library-css' href='https:\/\/herrkamera.de\/wp-includes\/css\/dist\/block-library\/style.min.css?ver=6.9.4' media='all' \/>\n<style id=\"jet-form-builder-3625-inline-css\"><\/style><form  class=\"jet-form-builder layout-column submit-type-reload\" action=\"https:\/\/herrkamera.de\/de\/wp-json\/wp\/v2\/pages\/2797\/?f626Aq=p5sm30w5zj81&amp;method=reload\" method=\"POST\" data-form-id=\"3625\" data-layout=\"column\" enctype=\"multipart\/form-data\" novalidate=\"null\" ssr_validation_method=\"rest\"><input type=\"hidden\" class=\"jet-form-builder__field hidden-field\" name=\"_jfb_csrf_token\" data-field-name=\"_jfb_csrf_token\" value=\"2854fe3b244d52952f396837c7042741\">\n<input type=\"hidden\" id=\"_wpnonce\" name=\"_wpnonce\" value=\"8526740b97\" \/><input type=\"hidden\" name=\"_wp_http_referer\" value=\"\/de\/wp-json\/wp\/v2\/pages\/2797\" \/>\r\n<input type=\"hidden\" name=\"_jfb_current_render_states[]\" value=\"DEFAULT.STATE\" data-jfb-sync \/><input type=\"hidden\" class=\"jet-form-builder__field hidden-field\" name=\"_jet_engine_booking_form_id\" data-field-name=\"_jet_engine_booking_form_id\" value=\"3625\">\n<input type=\"hidden\" class=\"jet-form-builder__field hidden-field\" name=\"_jet_engine_refer\" data-field-name=\"_jet_engine_refer\" value=\"https:\/\/herrkamera.de\/de\/wp-json\/wp\/v2\/pages\/2797\/\">\n<input type=\"hidden\" class=\"jet-form-builder__field hidden-field\" name=\"__queried_post_id\" data-field-name=\"__queried_post_id\" value=\"2797\">\n\n<div class=\"wp-block-columns is-layout-flex wp-container-core-columns-is-layout-28f84493 wp-block-columns-is-layout-flex\">\n<div class=\"wp-block-column is-layout-flow wp-block-column-is-layout-flow\"><div  class=\"jet-form-builder-row field-type-text-field\" >\n<div class=\"jet-form-builder__label\">\r\n<div class=\"jet-form-builder__label-text\">Vorname <span class=\"jet-form-builder__required\">*<\/span><\/div><\/div><div class=\"jet-form-builder__field-wrap\">\n\t\t\t\t<input required=\"required\" name=\"first_name\" id=\"first_name\" type=\"text\" data-field-name=\"first_name\" class=\"jet-form-builder__field text-field\" data-jfb-sync=\"null\" autocomplete=\"off_Y8tUTSvV\">\n\t\t\t\t\t<\/div>\n<\/div><\/div>\n\n\n\n<div class=\"wp-block-column is-layout-flow wp-block-column-is-layout-flow\"><div  class=\"jet-form-builder-row field-type-text-field\" >\n<div class=\"jet-form-builder__label\">\r\n<div class=\"jet-form-builder__label-text\">Nachname <span class=\"jet-form-builder__required\">*<\/span><\/div><\/div><div class=\"jet-form-builder__field-wrap\">\n\t\t\t\t<input required=\"required\" name=\"last_name\" id=\"last_name\" type=\"text\" data-field-name=\"last_name\" class=\"jet-form-builder__field text-field\" data-jfb-sync=\"null\" autocomplete=\"off_NGOQizmf\">\n\t\t\t\t\t<\/div>\n<\/div><\/div>\n<\/div>\n\n\n\n<div class=\"wp-block-columns is-layout-flex wp-container-core-columns-is-layout-28f84493 wp-block-columns-is-layout-flex\">\n<div class=\"wp-block-column is-layout-flow wp-block-column-is-layout-flow\" style=\"flex-basis:50%\"><div  class=\"jet-form-builder-row field-type-text-field\" >\n<div class=\"jet-form-builder__label\">\r\n<div class=\"jet-form-builder__label-text\">E-mail <span class=\"jet-form-builder__required\">*<\/span><\/div><\/div><div class=\"jet-form-builder__field-wrap\">\n\t\t\t\t<input required=\"required\" name=\"mail\" id=\"mail\" type=\"email\" data-field-name=\"mail\" class=\"jet-form-builder__field text-field\" data-jfb-sync=\"null\" autocomplete=\"off_IB9L6AeJ\">\n\t\t\t\t\t<\/div>\n<\/div><\/div>\n\n\n\n<div class=\"wp-block-column is-layout-flow wp-block-column-is-layout-flow\" style=\"flex-basis:50%\"><div  class=\"jet-form-builder-row field-type-number-field\" >\n<div class=\"jet-form-builder__label\">\r\n<div class=\"jet-form-builder__label-text\">Telefonnummer <span class=\"jet-form-builder__required\">*<\/span><\/div><\/div><div class=\"jet-form-builder__field-wrap\">\n\t\t<input type=\"number\" class=\"jet-form-builder__field text-field\" required=\"required\" name=\"phone_number\" data-field-name=\"phone_number\" id=\"phone_number\" data-jfb-sync=\"null\">\n\t<\/div>\n<\/div><\/div>\n<\/div>\n\n\n<div  class=\"jet-form-builder-row field-type-radio-field wp-block-jet-forms-radio-field\">\n<div class=\"jet-form-builder__label\">\r\n<div class=\"jet-form-builder__label-text\">Beratungsmodell <span class=\"jet-form-builder__required\">*<\/span><\/div><\/div><div class=\"jet-form-builder__fields-group checkradio-wrap\" data-jfb-sync><div class=\"jet-form-builder__field-wrap radio-wrap checkradio-wrap\"><label class=\"jet-form-builder__field-label for-radio\">\n<input type=\"radio\" name=\"consulting_model\" value=\"In_person_visit\" data-field-name=\"consulting_model\"  class=\"jet-form-builder__field radio-field checkradio-field\" required=\"required\"><span>Pers\u00f6nlicher Besuch<\/span><\/label><\/div><div class=\"jet-form-builder__field-wrap radio-wrap checkradio-wrap\"><label class=\"jet-form-builder__field-label for-radio\">\n<input type=\"radio\" name=\"consulting_model\" value=\"Online_GmailGoogle_Meet\" data-field-name=\"consulting_model\"  class=\"jet-form-builder__field radio-field checkradio-field\" required=\"required\"><span>Online (Gmail - Google Meet)<\/span><\/label><\/div><div class=\"jet-form-builder__field-wrap radio-wrap checkradio-wrap\"><label class=\"jet-form-builder__field-label for-radio\">\n<input type=\"radio\" name=\"consulting_model\" value=\"Telephone \" data-field-name=\"consulting_model\"  class=\"jet-form-builder__field radio-field checkradio-field\" required=\"required\"><span>Telefon (Telefonnummer f\u00fcr Beratungsgespr\u00e4che)<\/span><\/label><\/div><\/div>\n<\/div>\n\n<div  class=\"jet-form-builder-row field-type-appointment-date\" >\n<div class=\"jet-form-builder__label\">\r\n<div class=\"jet-form-builder__label-text\">Datum ausw\u00e4hlen <span class=\"jet-form-builder__required\">*<\/span><\/div><\/div><div class=\"jet-apb-calendar-wrapper\">\n\t<div class=\"appointment-calendar jet-apb-calendar\" data-args=\"{&quot;booking_type&quot;:&quot;slot&quot;,&quot;excludedDates&quot;:[],&quot;datesMode&quot;:&quot;override_full&quot;,&quot;worksDates&quot;:[{&quot;start&quot;:1735689600,&quot;end&quot;:1924905600}],&quot;datesRange&quot;:{&quot;start&quot;:0,&quot;end&quot;:0},&quot;availableWeekDays&quot;:[&quot;monday&quot;,&quot;tuesday&quot;,&quot;wednesday&quot;,&quot;thursday&quot;,&quot;friday&quot;],&quot;service&quot;:{&quot;field&quot;:&quot;service-id&quot;},&quot;providerIsset&quot;:false,&quot;provider&quot;:false,&quot;inputName&quot;:&quot;consulting_date&quot;,&quot;isRequired&quot;:true,&quot;allowedServices&quot;:false}\"><\/div>\n\n\t\t<div class=\"jet-apb-calendar-appointments-list-wrapper\" style=\"display: none\">\n\t\t<div class=\"jet-form-builder__heading\">\n\t\t\t<span class=\"jet-form-builder__label-text\">Appointment details:<\/span>\n\t\t<\/div>\n\t\t<div class=\"jet-apb-calendar-appointments-list\"><\/div>\n\t<\/div>\n\t<div class=\"jet-apb-calendar-notification\" style=\"display: none\">\n\t\t<div class=\"jet-apb-calendar-notification-service\">Please, select the service first.<\/div>\n\t\t<div class=\"jet-apb-calendar-notification-provider\">Please, select the provider first.<\/div>\n\t\t<div class=\"jet-apb-calendar-notification-service-field\">Please set service field for current calendar<\/div>\n\t\t<div class=\"jet-apb-calendar-notification-max-slots\">Sorry. You have the max number of appointments.<\/div>\n\t<\/div>\n<\/div>\n<\/div>\n\n<div  class=\"jet-form-builder-row field-type-textarea-field\" >\n<div class=\"jet-form-builder__label\">\r\n<div class=\"jet-form-builder__label-text\">Projektbeschreibung <span class=\"jet-form-builder__required\">*<\/span><\/div><\/div><div class=\"jet-form-builder__field-wrap\">\n\t\t<textarea class=\"jet-form-builder__field textarea-field\" required=\"required\" name=\"project_description\" data-field-name=\"project_description\" id=\"project_description\" data-jfb-sync=\"null\" minlength=\"150\"><\/textarea>\n\t<\/div>\n<\/div>\n\n\n<input type=\"hidden\" class=\"jet-form-builder__field hidden-field\" name=\"current_date\" data-field-name=\"current_date\" data-jfb-sync=\"null\" value=\"Sa.p.m.31Europe\/Berlin: 2026-05-16  CEST3105Europe\/Berlin: 17:31\">\n\n\n\n<div class=\"jfb-visually-hidden\" tabindex=\"-1\"><div class=\"jet-form-builder__field-wrap\">\n\t\t\t\t<input name=\"email\" id=\"email\" type=\"email\" data-field-name=\"email\" class=\"jet-form-builder__field text-field\" data-jfb-sync=\"null\" autocomplete=\"off_J81ASIap\">\n\t\t\t\t\t<\/div><\/div><div  class=\"jet-form-builder-row field-type-submit-field\" >\n\t<div data-type=\"submit\" class=\"jet-form-builder__action-button-wrapper jet-form-builder__submit-wrap\">\n\t<button class=\"jet-form-builder__action-button jet-form-builder__submit submit-type-reload\" type=\"submit\">Einreichen<\/button>\n\t<\/div>\n\t\n<\/div>\n\n\n<p><\/p>\n\n\n\n<input type=\"hidden\" class=\"jet-form-builder__field hidden-field\" name=\"provide-id\" data-field-name=\"provide-id\" data-jfb-sync=\"null\" value=\"1480\">\n\n\n\n\n<input type=\"hidden\" class=\"jet-form-builder__field hidden-field\" name=\"service-id\" data-field-name=\"service-id\" data-jfb-sync=\"null\" value=\"2797\">\n\n\n\n\n\n\n<p><\/p>\n\t<div class=\"jet-form-builder-messages-wrap\" data-form-id=\"3625\"><\/div>\n<\/form>\n\t\t\t\t<\/div>\n\t\t\t\t<\/div>\n\t\t\t\t<div class=\"elementor-element elementor-element-ed5b9be elementor-widget elementor-widget-text-editor\" data-id=\"ed5b9be\" data-element_type=\"widget\" data-e-type=\"widget\" data-widget_type=\"text-editor.default\">\n\t\t\t\t\t\t\t\t\t<p>Wichtiger Hinweis:<\/p><p>Bitte beachten Sie, dass f\u00fcr die Reservierung Ihres Fotoshootings eine Geb\u00fchr von 100 \u20ac f\u00e4llig wird. Diese Geb\u00fchr ist im Falle einer Stornierung nicht erstattungsf\u00e4hig. <\/p>\t\t\t\t\t\t\t\t<\/div>\n\t\t\t\t<\/div>\n\t\t\t\t\t<\/div>\n\t\t\t\t<\/div>\n\t\t\t\t<\/div>\n\t\t","protected":false},"excerpt":{"rendered":"<p>Wir bieten professionelle Fotodienstleistungen f\u00fcr Marken, Restaurants, Personal Branding und kommerzielle Projekte an. Fotodienstleistungen Wir bieten professionelle Fotodienstleistungen f\u00fcr Marken, Restaurants, Personal Branding und kommerzielle Projekte an. Unsere Fotodienstleistungen \u2022 Gesch\u00e4fts- und Unternehmensfotografie\u2022 Portr\u00e4ts &amp; Personal Branding\u2022 Innenarchitektur- und Architekturfotografie\u2022 Produkt- und Speisekartenfotografie Preis: ab \u20acXXX Bestellformular f\u00fcr ein Fotoberatungsgespr\u00e4ch (Terminvereinbarung) Vorname * Nachname * [&hellip;]<\/p>\n","protected":false},"author":1,"featured_media":0,"parent":0,"menu_order":0,"comment_status":"closed","ping_status":"closed","template":"elementor_header_footer","meta":{"_jf_save_progress":"","_jf_schedule_form":"","_jf_limit_responses":"","footnotes":""},"class_list":["post-2797","page","type-page","status-publish","hentry"],"_links":{"self":[{"href":"https:\/\/herrkamera.de\/de\/wp-json\/wp\/v2\/pages\/2797","targetHints":{"allow":["GET"]}}],"collection":[{"href":"https:\/\/herrkamera.de\/de\/wp-json\/wp\/v2\/pages"}],"about":[{"href":"https:\/\/herrkamera.de\/de\/wp-json\/wp\/v2\/types\/page"}],"author":[{"embeddable":true,"href":"https:\/\/herrkamera.de\/de\/wp-json\/wp\/v2\/users\/1"}],"replies":[{"embeddable":true,"href":"https:\/\/herrkamera.de\/de\/wp-json\/wp\/v2\/comments?post=2797"}],"version-history":[{"count":6,"href":"https:\/\/herrkamera.de\/de\/wp-json\/wp\/v2\/pages\/2797\/revisions"}],"predecessor-version":[{"id":3656,"href":"https:\/\/herrkamera.de\/de\/wp-json\/wp\/v2\/pages\/2797\/revisions\/3656"}],"wp:attachment":[{"href":"https:\/\/herrkamera.de\/de\/wp-json\/wp\/v2\/media?parent=2797"}],"curies":[{"name":"wp","href":"https:\/\/api.w.org\/{rel}","templated":true}]}}