{"id":2801,"date":"2025-12-26T20:32:33","date_gmt":"2025-12-26T19:32:33","guid":{"rendered":"https:\/\/herrkamera.de\/bearbeitungsservice\/"},"modified":"2026-04-20T01:52:20","modified_gmt":"2026-04-19T23:52:20","slug":"bearbeitungsservice","status":"publish","type":"page","link":"https:\/\/herrkamera.de\/de\/bearbeitungsservice\/","title":{"rendered":"Bearbeitungsservice"},"content":{"rendered":"\t\t<div data-elementor-type=\"wp-page\" data-elementor-id=\"2801\" class=\"elementor elementor-2801 elementor-1658\" data-elementor-post-type=\"page\">\n\t\t\t\t<div class=\"elementor-element elementor-element-ddf75ec e-flex e-con-boxed e-con e-parent\" data-id=\"ddf75ec\" data-element_type=\"container\" data-e-type=\"container\" data-settings=\"{&quot;background_background&quot;:&quot;classic&quot;,&quot;jet_parallax_layout_list&quot;:[]}\">\n\t\t\t\t\t<div class=\"e-con-inner\">\n\t\t\t\t<div class=\"elementor-element elementor-element-6e3d69c elementor-widget elementor-widget-heading\" data-id=\"6e3d69c\" data-element_type=\"widget\" data-e-type=\"widget\" data-widget_type=\"heading.default\">\n\t\t\t\t\t<h2 class=\"elementor-heading-title elementor-size-default\">Bearbeitungsservice<\/h2>\t\t\t\t<\/div>\n\t\t\t\t<div class=\"elementor-element elementor-element-ff54729 elementor-widget__width-initial elementor-widget-divider--view-line elementor-widget elementor-widget-divider\" data-id=\"ff54729\" data-element_type=\"widget\" data-e-type=\"widget\" data-widget_type=\"divider.default\">\n\t\t\t\t\t\t\t<div class=\"elementor-divider\">\n\t\t\t<span class=\"elementor-divider-separator\">\n\t\t\t\t\t\t<\/span>\n\t\t<\/div>\n\t\t\t\t\t\t<\/div>\n\t\t\t\t<div class=\"elementor-element elementor-element-86369c2 elementor-widget__width-initial elementor-widget elementor-widget-heading\" data-id=\"86369c2\" data-element_type=\"widget\" data-e-type=\"widget\" data-widget_type=\"heading.default\">\n\t\t\t\t\t<p class=\"elementor-heading-title elementor-size-default\">Wir bieten professionelle Videobearbeitung in modernen, filmischen Stilen, die auf Ihre Markenidentit\u00e4t zugeschnitten sind.<\/p>\t\t\t\t<\/div>\n\t\t\t\t\t<\/div>\n\t\t\t\t<\/div>\n\t\t<div class=\"elementor-element elementor-element-581debf e-flex e-con-boxed e-con e-parent\" data-id=\"581debf\" data-element_type=\"container\" data-e-type=\"container\" data-settings=\"{&quot;jet_parallax_layout_list&quot;:[]}\">\n\t\t\t\t\t<div class=\"e-con-inner\">\n\t\t<div class=\"elementor-element elementor-element-b10166d e-con-full e-flex e-con e-child\" data-id=\"b10166d\" data-element_type=\"container\" data-e-type=\"container\" data-settings=\"{&quot;jet_parallax_layout_list&quot;:[]}\">\n\t\t\t\t<div class=\"elementor-element elementor-element-3f27750 elementor-view-default elementor-position-block-start elementor-mobile-position-block-start elementor-widget elementor-widget-icon-box\" data-id=\"3f27750\" data-element_type=\"widget\" data-e-type=\"widget\" data-widget_type=\"icon-box.default\">\n\t\t\t\t\t\t\t<div class=\"elementor-icon-box-wrapper\">\n\n\t\t\t\t\t\t<div class=\"elementor-icon-box-icon\">\n\t\t\t\t<span  class=\"elementor-icon elementor-animation-bob\">\n\t\t\t\t<svg xmlns=\"http:\/\/www.w3.org\/2000\/svg\" width=\"125.000000pt\" height=\"125.000000pt\" viewBox=\"0 0 125.000000 125.000000\" preserveAspectRatio=\"xMidYMid meet\" style=\"width: 125px; height: auto;\"><g transform=\"translate(0.000000,125.000000) scale(0.100000,-0.100000)\" fill=\"#000000\" stroke=\"none\"><path d=\"M0 625 l0 -625 625 0 625 0 0 625 0 625 -625 0 -625 0 0 -625z m367 238 c29 -19 56 -26 48 -13 -14 22 44 30 221 30 181 0 189 -1 212 -22 l24 -23 18 23 c24 29 44 28 69 -4 20 -25 21 -39 21 -241 0 -127 -4 -222 -10 -233 -18 -33 -47 -43 -72 -25 -13 8 -18 15 -13 16 6 0 1 4 -10 8 -15 6 -22 3 -30 -13 -10 -20 -19 -21 -209 -24 -191 -2 -236 3 -221 28 8 13 -18 6 -47 -14 -24 -16 -29 -16 -56 -2 l-29 15 1 228 c1 201 3 232 19 256 20 32 29 33 64 10z\"><\/path><path d=\"M322 838 c-9 -9 -12 -74 -12 -229 0 -177 3 -219 15 -229 17 -14 36 -5 28 15 -4 12 4 15 36 15 34 0 41 -3 41 -19 0 -19 9 -20 200 -20 191 0 200 1 200 20 0 16 7 19 40 19 33 0 40 -3 40 -20 0 -23 10 -26 28 -8 13 13 18 421 6 452 -9 23 -34 20 -34 -4 0 -17 -7 -20 -40 -20 -33 0 -40 3 -40 20 0 19 -7 20 -200 20 -195 0 -200 0 -200 -21 0 -17 -5 -20 -37 -17 -29 2 -38 7 -37 21 2 20 -16 23 -34 5z m448 -123 l0 -76 -137 3 -138 3 -3 73 -3 72 141 0 140 0 0 -75z m-340 14 l0 -40 -37 3 c-31 2 -39 7 -41 26 -6 39 5 52 43 52 34 0 35 -1 35 -41z m475 1 c0 -33 -2 -35 -37 -38 l-38 -3 0 41 0 41 38 -3 c35 -3 37 -5 37 -38z m-475 -121 l0 -40 -37 3 c-36 3 -38 5 -41 41 l-3 37 40 0 41 0 0 -41z m478 4 c-3 -36 -5 -38 -40 -41 l-38 -3 0 40 0 41 41 0 40 0 -3 -37z m-140 -105 l-3 -73 -135 0 -135 0 -3 73 -3 72 141 0 141 0 -3 -72z m-340 -15 c-3 -36 -5 -38 -38 -38 -33 0 -35 2 -38 38 l-3 37 41 0 41 0 -3 -37z m480 0 c-3 -36 -5 -38 -38 -38 -33 0 -35 2 -38 38 l-3 37 41 0 41 0 -3 -37z\"><\/path><path d=\"M530 714 l0 -44 99 0 c108 0 111 2 111 61 l0 30 -105 -2 -105 -1 0 -44z\"><\/path><path d=\"M870 620 c-8 -5 -12 -12 -9 -15 4 -3 12 1 19 10 14 17 11 19 -10 5z\"><\/path><path d=\"M527 545 c-6 -22 9 -80 21 -79 6 1 53 2 102 3 l90 1 0 35 c0 20 -6 37 -12 40 -29 9 -198 9 -201 0z\"><\/path><\/g><\/svg>\t\t\t\t<\/span>\n\t\t\t<\/div>\n\t\t\t\n\t\t\t\t\t\t<div class=\"elementor-icon-box-content\">\n\n\t\t\t\t\t\t\t\t\t<h3 class=\"elementor-icon-box-title\">\n\t\t\t\t\t\t<span  >\n\t\t\t\t\t\t\tLektoratsdienste\t\t\t\t\t\t<\/span>\n\t\t\t\t\t<\/h3>\n\t\t\t\t\n\t\t\t\t\t\t\t\t\t<p class=\"elementor-icon-box-description\">\n\t\t\t\t\t\tWir bieten professionelle Videobearbeitung in modernen, filmischen Stilen, die auf Ihre Markenidentit\u00e4t zugeschnitten sind.\t\t\t\t\t<\/p>\n\t\t\t\t\n\t\t\t<\/div>\n\t\t\t\n\t\t<\/div>\n\t\t\t\t\t\t<\/div>\n\t\t\t\t<\/div>\n\t\t<div class=\"elementor-element elementor-element-4d58864 e-con-full e-flex e-con e-child\" data-id=\"4d58864\" data-element_type=\"container\" data-e-type=\"container\" data-settings=\"{&quot;jet_parallax_layout_list&quot;:[]}\">\n\t\t\t\t<div class=\"elementor-element elementor-element-835b8d1 elementor-widget elementor-widget-heading\" data-id=\"835b8d1\" data-element_type=\"widget\" data-e-type=\"widget\" data-widget_type=\"heading.default\">\n\t\t\t\t\t<h3 class=\"elementor-heading-title elementor-size-default\">Unsere Bearbeitung auf der Website<\/h3>\t\t\t\t<\/div>\n\t\t\t\t<div class=\"elementor-element elementor-element-767e073 elementor-widget elementor-widget-text-editor\" data-id=\"767e073\" data-element_type=\"widget\" data-e-type=\"widget\" data-widget_type=\"text-editor.default\">\n\t\t\t\t\t\t\t\t\t<p>Bearbeitungsstile:<br>\u2022 Filmische Farbkorrektur<br>\u2022 Klarer, kommerzieller Stil<br>\u2022 F\u00fcr soziale Medien optimierte Bearbeitung<\/p><p>Bearbeitungspreis: XX \u20ac pro Videominute<\/p>\t\t\t\t\t\t\t\t<\/div>\n\t\t\t\t<\/div>\n\t\t\t\t\t<\/div>\n\t\t\t\t<\/div>\n\t\t<div class=\"elementor-element elementor-element-67cecf9 e-flex e-con-boxed e-con e-parent\" data-id=\"67cecf9\" data-element_type=\"container\" data-e-type=\"container\" data-settings=\"{&quot;jet_parallax_layout_list&quot;:[]}\">\n\t\t\t\t\t<div class=\"e-con-inner\">\n\t\t<div class=\"elementor-element elementor-element-0d559d4 e-con-full e-flex e-con e-child\" data-id=\"0d559d4\" data-element_type=\"container\" data-e-type=\"container\" data-settings=\"{&quot;background_background&quot;:&quot;classic&quot;,&quot;jet_parallax_layout_list&quot;:[]}\">\n\t\t\t\t<div class=\"elementor-element elementor-element-1602f77 elementor-widget elementor-widget-heading\" data-id=\"1602f77\" data-element_type=\"widget\" data-e-type=\"widget\" data-widget_type=\"heading.default\">\n\t\t\t\t\t<h2 class=\"elementor-heading-title elementor-size-default\">Bestellformular f\u00fcr eine Fotobearbeitungsberatung (Terminvereinbarung)<\/h2>\t\t\t\t<\/div>\n\t\t\t\t<div class=\"elementor-element elementor-element-8ff1a12 elementor-widget elementor-widget-jet-form-builder-form\" data-id=\"8ff1a12\" data-element_type=\"widget\" data-e-type=\"widget\" data-widget_type=\"jet-form-builder-form.default\">\n\t\t\t\t<div class=\"elementor-widget-container\">\n\t\t\t\t\t<link rel='stylesheet' id='wp-block-library-css' href='https:\/\/herrkamera.de\/wp-includes\/css\/dist\/block-library\/style.min.css?ver=6.9.4' media='all' \/>\n<style id=\"jet-form-builder-3619-inline-css\"><\/style><form  class=\"jet-form-builder layout-column submit-type-reload\" action=\"https:\/\/herrkamera.de\/de\/wp-json\/wp\/v2\/pages\/2801\/?f626Aq=p5sm30w5zj81&amp;method=reload\" method=\"POST\" data-form-id=\"3619\" data-layout=\"column\" enctype=\"multipart\/form-data\" novalidate=\"null\" ssr_validation_method=\"rest\"><input type=\"hidden\" id=\"_wpnonce\" name=\"_wpnonce\" value=\"de68fbeca6\" \/><input type=\"hidden\" name=\"_wp_http_referer\" value=\"\/de\/wp-json\/wp\/v2\/pages\/2801\" \/>\r\n<input type=\"hidden\" name=\"_jfb_current_render_states[]\" value=\"DEFAULT.STATE\" data-jfb-sync \/><input type=\"hidden\" class=\"jet-form-builder__field hidden-field\" name=\"_jet_engine_booking_form_id\" data-field-name=\"_jet_engine_booking_form_id\" value=\"3619\">\n<input type=\"hidden\" class=\"jet-form-builder__field hidden-field\" name=\"_jet_engine_refer\" data-field-name=\"_jet_engine_refer\" value=\"https:\/\/herrkamera.de\/de\/wp-json\/wp\/v2\/pages\/2801\/\">\n<input type=\"hidden\" class=\"jet-form-builder__field hidden-field\" name=\"__queried_post_id\" data-field-name=\"__queried_post_id\" value=\"2801\">\n\n<div class=\"wp-block-columns is-layout-flex wp-container-core-columns-is-layout-28f84493 wp-block-columns-is-layout-flex\">\n<div class=\"wp-block-column is-layout-flow wp-block-column-is-layout-flow\"><div  class=\"jet-form-builder-row field-type-text-field\" >\n<div class=\"jet-form-builder__label\">\r\n<div class=\"jet-form-builder__label-text\">Vorname <span class=\"jet-form-builder__required\">*<\/span><\/div><\/div><div class=\"jet-form-builder__field-wrap\">\n\t\t\t\t<input required=\"required\" name=\"first_name\" id=\"first_name\" type=\"text\" data-field-name=\"first_name\" class=\"jet-form-builder__field text-field\" data-jfb-sync=\"null\" autocomplete=\"off_YkGnuLQe\">\n\t\t\t\t\t<\/div>\n<\/div><\/div>\n\n\n\n<div class=\"wp-block-column is-layout-flow wp-block-column-is-layout-flow\"><div  class=\"jet-form-builder-row field-type-text-field\" >\n<div class=\"jet-form-builder__label\">\r\n<div class=\"jet-form-builder__label-text\">Nachname <span class=\"jet-form-builder__required\">*<\/span><\/div><\/div><div class=\"jet-form-builder__field-wrap\">\n\t\t\t\t<input required=\"required\" name=\"last_name\" id=\"last_name\" type=\"text\" data-field-name=\"last_name\" class=\"jet-form-builder__field text-field\" data-jfb-sync=\"null\" autocomplete=\"off_2i7MpYmI\">\n\t\t\t\t\t<\/div>\n<\/div><\/div>\n<\/div>\n\n\n\n<div class=\"wp-block-columns is-layout-flex wp-container-core-columns-is-layout-28f84493 wp-block-columns-is-layout-flex\">\n<div class=\"wp-block-column is-layout-flow wp-block-column-is-layout-flow\" style=\"flex-basis:50%\"><div  class=\"jet-form-builder-row field-type-text-field\" >\n<div class=\"jet-form-builder__label\">\r\n<div class=\"jet-form-builder__label-text\">E-mail <span class=\"jet-form-builder__required\">*<\/span><\/div><\/div><div class=\"jet-form-builder__field-wrap\">\n\t\t\t\t<input required=\"required\" name=\"mail\" id=\"mail\" type=\"email\" data-field-name=\"mail\" class=\"jet-form-builder__field text-field\" data-jfb-sync=\"null\" autocomplete=\"off_8wEGkUBZ\">\n\t\t\t\t\t<\/div>\n<\/div><\/div>\n\n\n\n<div class=\"wp-block-column is-layout-flow wp-block-column-is-layout-flow\" style=\"flex-basis:50%\"><div  class=\"jet-form-builder-row field-type-text-field\" >\n<div class=\"jet-form-builder__label\">\r\n<div class=\"jet-form-builder__label-text\">Telefonnummer <span class=\"jet-form-builder__required\">*<\/span><\/div><\/div><div class=\"jet-form-builder__field-wrap\">\n\t\t\t\t<input required=\"required\" name=\"phone_number\" id=\"phone_number\" type=\"tel\" data-field-name=\"phone_number\" class=\"jet-form-builder__field text-field\" data-jfb-sync=\"null\" autocomplete=\"off_OLKlZRXC\">\n\t\t\t\t\t<\/div>\n<\/div><\/div>\n<\/div>\n\n\n<div  class=\"jet-form-builder-row field-type-radio-field wp-block-jet-forms-radio-field\">\n<div class=\"jet-form-builder__label\">\r\n<div class=\"jet-form-builder__label-text\">Beratungsmodell <span class=\"jet-form-builder__required\">*<\/span><\/div><\/div><div class=\"jet-form-builder__fields-group checkradio-wrap\" data-jfb-sync><div class=\"jet-form-builder__field-wrap radio-wrap checkradio-wrap\"><label class=\"jet-form-builder__field-label for-radio\">\n<input type=\"radio\" name=\"consulting_model\" value=\"In_person_visit\" data-field-name=\"consulting_model\"  class=\"jet-form-builder__field radio-field checkradio-field\" required=\"required\"><span>Pers\u00f6nlicher Besuch<\/span><\/label><\/div><div class=\"jet-form-builder__field-wrap radio-wrap checkradio-wrap\"><label class=\"jet-form-builder__field-label for-radio\">\n<input type=\"radio\" name=\"consulting_model\" value=\"Online_GmailGoogle_Meet\" data-field-name=\"consulting_model\"  class=\"jet-form-builder__field radio-field checkradio-field\" required=\"required\"><span>Online (Gmail - Google Meet)<\/span><\/label><\/div><div class=\"jet-form-builder__field-wrap radio-wrap checkradio-wrap\"><label class=\"jet-form-builder__field-label for-radio\">\n<input type=\"radio\" name=\"consulting_model\" value=\"Telephone \" data-field-name=\"consulting_model\"  class=\"jet-form-builder__field radio-field checkradio-field\" required=\"required\"><span>Telefon (Telefonnummer f\u00fcr Beratungsgespr\u00e4che)<\/span><\/label><\/div><\/div>\n<\/div>\n\n<div  class=\"jet-form-builder-row field-type-appointment-date\" >\n<div class=\"jet-form-builder__label\">\r\n<div class=\"jet-form-builder__label-text\">Datum ausw\u00e4hlen<\/div><\/div><div class=\"jet-apb-calendar-wrapper\">\n\t<div class=\"appointment-calendar jet-apb-calendar\" data-args=\"{&quot;booking_type&quot;:&quot;slot&quot;,&quot;excludedDates&quot;:[],&quot;datesMode&quot;:&quot;override_full&quot;,&quot;worksDates&quot;:[{&quot;start&quot;:1735689600,&quot;end&quot;:1924905600}],&quot;datesRange&quot;:{&quot;start&quot;:0,&quot;end&quot;:0},&quot;availableWeekDays&quot;:[&quot;monday&quot;,&quot;tuesday&quot;,&quot;wednesday&quot;,&quot;thursday&quot;,&quot;friday&quot;],&quot;service&quot;:{&quot;field&quot;:&quot;service-id&quot;},&quot;providerIsset&quot;:false,&quot;provider&quot;:false,&quot;inputName&quot;:&quot;consulting_date&quot;,&quot;isRequired&quot;:false,&quot;allowedServices&quot;:false}\"><\/div>\n\n\t\t<div class=\"jet-apb-calendar-appointments-list-wrapper\" style=\"display: none\">\n\t\t<div class=\"jet-form-builder__heading\">\n\t\t\t<span class=\"jet-form-builder__label-text\">Appointment details:<\/span>\n\t\t<\/div>\n\t\t<div class=\"jet-apb-calendar-appointments-list\"><\/div>\n\t<\/div>\n\t<div class=\"jet-apb-calendar-notification\" style=\"display: none\">\n\t\t<div class=\"jet-apb-calendar-notification-service\">Please, select the service first.<\/div>\n\t\t<div class=\"jet-apb-calendar-notification-provider\">Please, select the provider first.<\/div>\n\t\t<div class=\"jet-apb-calendar-notification-service-field\">Please set service field for current calendar<\/div>\n\t\t<div class=\"jet-apb-calendar-notification-max-slots\">Sorry. You have the max number of appointments.<\/div>\n\t<\/div>\n<\/div>\n<\/div>\n\n<div  class=\"jet-form-builder-row field-type-textarea-field\" >\n<div class=\"jet-form-builder__label\">\r\n<div class=\"jet-form-builder__label-text\">Projektbeschreibung <span class=\"jet-form-builder__required\">*<\/span><\/div><\/div><div class=\"jet-form-builder__field-wrap\">\n\t\t<textarea class=\"jet-form-builder__field textarea-field\" required=\"required\" name=\"project_description\" data-field-name=\"project_description\" id=\"project_description\" data-jfb-sync=\"null\" minlength=\"150\"><\/textarea>\n\t<\/div>\n<\/div>\n\n\n<input type=\"hidden\" class=\"jet-form-builder__field hidden-field\" name=\"current_date\" data-field-name=\"current_date\" data-jfb-sync=\"null\" value=\"Sa.p.m.31Europe\/Berlin: 2026-05-16  CEST3105Europe\/Berlin: 17:31\">\n\n\n\n<div  class=\"jet-form-builder-row field-type-submit-field\" >\n\t<div data-type=\"submit\" class=\"jet-form-builder__action-button-wrapper jet-form-builder__submit-wrap\">\n\t<button class=\"jet-form-builder__action-button jet-form-builder__submit submit-type-reload\" type=\"submit\">Einreichen<\/button>\n\t<\/div>\n\t\n<\/div>\n\n\n<p><\/p>\n\n\n\n<input type=\"hidden\" class=\"jet-form-builder__field hidden-field\" name=\"provide-id\" data-field-name=\"provide-id\" data-jfb-sync=\"null\" value=\"1481\">\n\n\n\n\n<input type=\"hidden\" class=\"jet-form-builder__field hidden-field\" name=\"service-id\" data-field-name=\"service-id\" data-jfb-sync=\"null\" value=\"2801\">\n\n\n\n\n\n\n<p><\/p>\n\t<div class=\"jet-form-builder-messages-wrap\" data-form-id=\"3619\"><\/div>\n<\/form>\n\t\t\t\t<\/div>\n\t\t\t\t<\/div>\n\t\t\t\t<div class=\"elementor-element elementor-element-367f5a1 elementor-widget elementor-widget-text-editor\" data-id=\"367f5a1\" data-element_type=\"widget\" data-e-type=\"widget\" data-widget_type=\"text-editor.default\">\n\t\t\t\t\t\t\t\t\t<p>Wichtiger Hinweis:<\/p><p>Bitte beachten Sie, dass f\u00fcr die Reservierung Ihres Bearbeitungstermins eine Geb\u00fchr von 100 \u20ac f\u00e4llig wird. Diese Geb\u00fchr ist im Falle einer Stornierung nicht erstattungsf\u00e4hig.<\/p>\t\t\t\t\t\t\t\t<\/div>\n\t\t\t\t<\/div>\n\t\t\t\t\t<\/div>\n\t\t\t\t<\/div>\n\t\t\t\t<\/div>\n\t\t","protected":false},"excerpt":{"rendered":"<p>Wir bieten professionelle Videobearbeitung in modernen, filmischen Stilen, die auf Ihre Markenidentit\u00e4t zugeschnitten sind. Lektoratsdienste Wir bieten professionelle Videobearbeitung in modernen, filmischen Stilen, die auf Ihre Markenidentit\u00e4t zugeschnitten sind. Unsere Bearbeitung auf der Website Bearbeitungsstile:\u2022 Filmische Farbkorrektur\u2022 Klarer, kommerzieller Stil\u2022 F\u00fcr soziale Medien optimierte Bearbeitung Bearbeitungspreis: XX \u20ac pro Videominute Bestellformular f\u00fcr eine Fotobearbeitungsberatung (Terminvereinbarung) [&hellip;]<\/p>\n","protected":false},"author":1,"featured_media":0,"parent":0,"menu_order":0,"comment_status":"closed","ping_status":"closed","template":"elementor_header_footer","meta":{"_jf_save_progress":"","_jf_schedule_form":"","_jf_limit_responses":"","footnotes":""},"class_list":["post-2801","page","type-page","status-publish","hentry"],"_links":{"self":[{"href":"https:\/\/herrkamera.de\/de\/wp-json\/wp\/v2\/pages\/2801","targetHints":{"allow":["GET"]}}],"collection":[{"href":"https:\/\/herrkamera.de\/de\/wp-json\/wp\/v2\/pages"}],"about":[{"href":"https:\/\/herrkamera.de\/de\/wp-json\/wp\/v2\/types\/page"}],"author":[{"embeddable":true,"href":"https:\/\/herrkamera.de\/de\/wp-json\/wp\/v2\/users\/1"}],"replies":[{"embeddable":true,"href":"https:\/\/herrkamera.de\/de\/wp-json\/wp\/v2\/comments?post=2801"}],"version-history":[{"count":9,"href":"https:\/\/herrkamera.de\/de\/wp-json\/wp\/v2\/pages\/2801\/revisions"}],"predecessor-version":[{"id":3704,"href":"https:\/\/herrkamera.de\/de\/wp-json\/wp\/v2\/pages\/2801\/revisions\/3704"}],"wp:attachment":[{"href":"https:\/\/herrkamera.de\/de\/wp-json\/wp\/v2\/media?parent=2801"}],"curies":[{"name":"wp","href":"https:\/\/api.w.org\/{rel}","templated":true}]}}