{"id":2805,"date":"2025-12-26T20:30:58","date_gmt":"2025-12-26T19:30:58","guid":{"rendered":"https:\/\/herrkamera.de\/modellierungsdienst\/"},"modified":"2026-04-13T02:48:39","modified_gmt":"2026-04-13T00:48:39","slug":"modellierungsdienst","status":"publish","type":"page","link":"https:\/\/herrkamera.de\/de\/modellierungsdienst\/","title":{"rendered":"Modellierungsdienst"},"content":{"rendered":"\t\t<div data-elementor-type=\"wp-page\" data-elementor-id=\"2805\" class=\"elementor elementor-2805 elementor-1655\" data-elementor-post-type=\"page\">\n\t\t\t\t<div class=\"elementor-element elementor-element-79f48c4 e-flex e-con-boxed e-con e-parent\" data-id=\"79f48c4\" data-element_type=\"container\" data-e-type=\"container\" data-settings=\"{&quot;background_background&quot;:&quot;classic&quot;,&quot;jet_parallax_layout_list&quot;:[]}\">\n\t\t\t\t\t<div class=\"e-con-inner\">\n\t\t\t\t<div class=\"elementor-element elementor-element-9c39621 elementor-widget elementor-widget-heading\" data-id=\"9c39621\" data-element_type=\"widget\" data-e-type=\"widget\" data-widget_type=\"heading.default\">\n\t\t\t\t\t<h2 class=\"elementor-heading-title elementor-size-default\">Modellierungsdienst<\/h2>\t\t\t\t<\/div>\n\t\t\t\t<div class=\"elementor-element elementor-element-d3a2926 elementor-widget__width-initial elementor-widget-divider--view-line elementor-widget elementor-widget-divider\" data-id=\"d3a2926\" data-element_type=\"widget\" data-e-type=\"widget\" data-widget_type=\"divider.default\">\n\t\t\t\t\t\t\t<div class=\"elementor-divider\">\n\t\t\t<span class=\"elementor-divider-separator\">\n\t\t\t\t\t\t<\/span>\n\t\t<\/div>\n\t\t\t\t\t\t<\/div>\n\t\t\t\t<div class=\"elementor-element elementor-element-b65d95f elementor-widget__width-initial elementor-widget elementor-widget-heading\" data-id=\"b65d95f\" data-element_type=\"widget\" data-e-type=\"widget\" data-widget_type=\"heading.default\">\n\t\t\t\t\t<p class=\"elementor-heading-title elementor-size-default\">Anmeldeformular f\u00fcr Modellberatungsauftr\u00e4ge\n<\/p>\t\t\t\t<\/div>\n\t\t\t\t\t<\/div>\n\t\t\t\t<\/div>\n\t\t<div class=\"elementor-element elementor-element-4cce451 e-flex e-con-boxed e-con e-parent\" data-id=\"4cce451\" data-element_type=\"container\" data-e-type=\"container\" data-settings=\"{&quot;jet_parallax_layout_list&quot;:[]}\">\n\t\t\t\t\t<div class=\"e-con-inner\">\n\t\t<div class=\"elementor-element elementor-element-7017626 e-con-full e-flex e-con e-child\" data-id=\"7017626\" data-element_type=\"container\" data-e-type=\"container\" data-settings=\"{&quot;jet_parallax_layout_list&quot;:[]}\">\n\t\t\t\t<div class=\"elementor-element elementor-element-ecacbf9 elementor-view-default elementor-position-block-start elementor-mobile-position-block-start elementor-widget elementor-widget-icon-box\" data-id=\"ecacbf9\" data-element_type=\"widget\" data-e-type=\"widget\" data-widget_type=\"icon-box.default\">\n\t\t\t\t\t\t\t<div class=\"elementor-icon-box-wrapper\">\n\n\t\t\t\t\t\t<div class=\"elementor-icon-box-icon\">\n\t\t\t\t<span  class=\"elementor-icon elementor-animation-bob\">\n\t\t\t\t<svg xmlns=\"http:\/\/www.w3.org\/2000\/svg\" width=\"125.000000pt\" height=\"125.000000pt\" viewBox=\"0 0 125.000000 125.000000\" preserveAspectRatio=\"xMidYMid meet\" style=\"width: 125px; height: auto;\"><g transform=\"translate(0.000000,125.000000) scale(0.100000,-0.100000)\" fill=\"#000000\" stroke=\"none\"><path d=\"M0 625 l0 -625 625 0 625 0 0 625 0 625 -625 0 -625 0 0 -625z m670 470 c6 -3 8 -11 5 -16 -4 -5 0 -9 9 -9 14 0 37 -75 32 -108 -2 -9 3 -22 10 -30 28 -27 81 -98 87 -115 8 -22 -21 -69 -37 -60 -6 3 -3 -3 7 -14 9 -11 15 -23 12 -26 -3 -4 -2 -5 1 -3 3 3 29 -10 57 -28 29 -18 71 -38 93 -44 23 -7 49 -23 57 -36 17 -26 16 -62 -3 -58 -6 1 -9 -2 -5 -8 4 -6 2 -16 -3 -23 -6 -7 -13 -30 -18 -51 -4 -22 -20 -52 -35 -69 -16 -17 -29 -39 -29 -49 0 -31 -18 -55 -63 -86 -53 -37 -55 -38 -76 -13 -27 31 -40 26 -47 -18 -7 -45 -43 -91 -71 -91 -26 0 -57 35 -49 55 3 9 2 13 -4 10 -12 -8 -13 -10 5 49 21 69 21 266 0 266 -24 0 -52 -51 -54 -100 -1 -8 -11 -31 -23 -50 -12 -19 -23 -38 -24 -42 -1 -5 -2 -9 -3 -10 -1 -2 -3 -26 -5 -54 -3 -54 -17 -76 -67 -108 -30 -19 -55 -13 -81 19 -18 21 -23 41 -10 47 9 4 59 140 83 228 10 36 19 66 20 68 1 1 2 5 3 10 3 16 40 107 45 112 25 21 40 120 19 120 -5 0 -7 3 -7 8 1 4 1 9 -1 12 -3 10 -11 66 -13 106 -2 23 -12 55 -22 70 -10 16 -24 46 -30 68 -10 35 -9 42 8 62 18 21 26 22 118 19 54 -2 103 -6 109 -10z\" class=\"\"><\/path><path d=\"M463 1050 c4 -16 23 -55 42 -86 28 -43 33 -59 25 -70 -12 -13 -8 -48 11 -111 7 -23 21 -38 45 -49 71 -34 114 -120 166 -334 18 -74 34 -137 36 -140 2 -3 8 3 13 13 6 9 25 25 44 35 l34 17 -59 100 c-75 126 -77 154 -4 48 l55 -81 34 21 c19 12 34 24 35 27 0 3 -14 14 -31 24 -33 19 -34 35 -1 17 34 -18 47 -13 27 9 -18 20 -18 21 18 51 20 17 37 34 37 39 0 5 -15 12 -32 15 -18 4 -55 19 -83 33 -51 25 -184 122 -185 134 0 3 17 9 38 13 66 11 67 16 16 79 -26 31 -62 63 -81 71 -36 15 -38 47 -1 37 19 -5 20 -2 13 39 -10 62 -26 76 -68 61 -23 -8 -43 -9 -63 -3 -16 5 -42 12 -58 16 -28 6 -28 5 -23 -25z m100 -20 c12 0 17 -8 17 -30 0 -17 5 -30 12 -30 9 0 9 -3 0 -12 -9 -9 -19 -5 -43 18 -17 16 -35 38 -41 48 -9 17 -7 18 13 13 13 -4 32 -7 42 -7z m147 -189 l34 -28 -33 -17 c-27 -15 -38 -16 -62 -6 -16 7 -29 16 -29 20 0 10 40 60 49 60 4 0 22 -13 41 -29z\" class=\"\"><\/path><path d=\"M560 711 c0 -11 -15 -50 -34 -88 -19 -37 -39 -84 -44 -103 -38 -133 -98 -303 -110 -309 -20 -11 -6 -31 22 -31 18 0 25 7 31 33 l8 32 4 -28 c3 -15 9 -27 15 -27 7 0 9 22 6 64 -5 53 -2 69 14 93 26 39 48 91 48 116 0 11 27 61 60 109 33 49 60 93 60 98 0 9 -62 60 -73 60 -4 0 -7 -9 -7 -19z\" class=\"\"><\/path><path d=\"M650 610 c0 -21 5 -73 11 -115 13 -87 0 -226 -26 -278 -17 -35 -8 -52 23 -43 17 6 22 18 27 64 3 31 12 87 19 124 9 46 11 83 4 122 -8 53 -45 166 -54 166 -2 0 -4 -18 -4 -40z\"><\/path><\/g><\/svg>\t\t\t\t<\/span>\n\t\t\t<\/div>\n\t\t\t\n\t\t\t\t\t\t<div class=\"elementor-icon-box-content\">\n\n\t\t\t\t\t\t\t\t\t<h3 class=\"elementor-icon-box-title\">\n\t\t\t\t\t\t<span  >\n\t\t\t\t\t\t\tModellierungsberatung \t\t\t\t\t\t<\/span>\n\t\t\t\t\t<\/h3>\n\t\t\t\t\n\t\t\t\t\t\t\t\t\t<p class=\"elementor-icon-box-description\">\n\t\t\t\t\t\tWir bieten Ihnen eine professionelle Experten-Modellierungsberatung, die auf Ihre Bed\u00fcrfnisse zugeschnitten ist.\t\t\t\t\t<\/p>\n\t\t\t\t\n\t\t\t<\/div>\n\t\t\t\n\t\t<\/div>\n\t\t\t\t\t\t<\/div>\n\t\t\t\t<\/div>\n\t\t<div class=\"elementor-element elementor-element-dcee881 e-con-full e-flex e-con e-child\" data-id=\"dcee881\" data-element_type=\"container\" data-e-type=\"container\" data-settings=\"{&quot;jet_parallax_layout_list&quot;:[]}\">\n\t\t\t\t<div class=\"elementor-element elementor-element-3e591a8 elementor-widget elementor-widget-heading\" data-id=\"3e591a8\" data-element_type=\"widget\" data-e-type=\"widget\" data-widget_type=\"heading.default\">\n\t\t\t\t\t<h3 class=\"elementor-heading-title elementor-size-default\">Unsere Beratungen vor Ort<\/h3>\t\t\t\t<\/div>\n\t\t\t\t<div class=\"elementor-element elementor-element-7f355c0 elementor-widget elementor-widget-text-editor\" data-id=\"7f355c0\" data-element_type=\"widget\" data-e-type=\"widget\" data-widget_type=\"text-editor.default\">\n\t\t\t\t\t\t\t\t\t<p>Unser Beratungsservice f\u00fcr Models bietet professionelle Unterst\u00fctzung, die auf Ihre Ziele zugeschnitten ist. Egal, ob Sie Ihre Modelkarriere starten oder Ihr Portfolio optimieren m\u00f6chten \u2013 wir bieten Ihnen Expertenrat, strategische Planung und individuelle Betreuung f\u00fcr Ihren Erfolg. <\/p>\t\t\t\t\t\t\t\t<\/div>\n\t\t\t\t<\/div>\n\t\t\t\t\t<\/div>\n\t\t\t\t<\/div>\n\t\t<div class=\"elementor-element elementor-element-dea7f1c e-flex e-con-boxed e-con e-parent\" data-id=\"dea7f1c\" data-element_type=\"container\" data-e-type=\"container\" data-settings=\"{&quot;jet_parallax_layout_list&quot;:[]}\">\n\t\t\t\t\t<div class=\"e-con-inner\">\n\t\t<div class=\"elementor-element elementor-element-5c5e29f e-con-full e-flex e-con e-child\" data-id=\"5c5e29f\" data-element_type=\"container\" data-e-type=\"container\" data-settings=\"{&quot;background_background&quot;:&quot;classic&quot;,&quot;jet_parallax_layout_list&quot;:[]}\">\n\t\t\t\t<div class=\"elementor-element elementor-element-18c229f elementor-widget elementor-widget-heading\" data-id=\"18c229f\" data-element_type=\"widget\" data-e-type=\"widget\" data-widget_type=\"heading.default\">\n\t\t\t\t\t<h2 class=\"elementor-heading-title elementor-size-default\">Modeling consultation order registration form\n(appointment)<\/h2>\t\t\t\t<\/div>\n\t\t\t\t<div class=\"elementor-element elementor-element-2a1dd10 elementor-widget elementor-widget-jet-form-builder-form\" data-id=\"2a1dd10\" data-element_type=\"widget\" data-e-type=\"widget\" data-widget_type=\"jet-form-builder-form.default\">\n\t\t\t\t<div class=\"elementor-widget-container\">\n\t\t\t\t\t<link rel='stylesheet' id='wp-block-library-css' href='https:\/\/herrkamera.de\/wp-includes\/css\/dist\/block-library\/style.min.css?ver=6.9.4' media='all' \/>\n<style id=\"jet-form-builder-1772-inline-css\"><\/style><form  class=\"jet-form-builder layout-column submit-type-reload\" action=\"https:\/\/herrkamera.de\/de\/wp-json\/wp\/v2\/pages\/2805\/?f626Aq=p5sm30w5zj81&amp;method=reload\" method=\"POST\" data-form-id=\"1772\" data-layout=\"column\" enctype=\"multipart\/form-data\" novalidate=\"null\" ssr_validation_method=\"rest\"><input type=\"hidden\" id=\"_wpnonce\" name=\"_wpnonce\" value=\"8c2bcd0d16\" \/><input type=\"hidden\" name=\"_wp_http_referer\" value=\"\/de\/wp-json\/wp\/v2\/pages\/2805\" \/>\r\n<input type=\"hidden\" name=\"_jfb_current_render_states[]\" value=\"DEFAULT.STATE\" data-jfb-sync \/><input type=\"hidden\" class=\"jet-form-builder__field hidden-field\" name=\"_jet_engine_booking_form_id\" data-field-name=\"_jet_engine_booking_form_id\" value=\"1772\">\n<input type=\"hidden\" class=\"jet-form-builder__field hidden-field\" name=\"_jet_engine_refer\" data-field-name=\"_jet_engine_refer\" value=\"https:\/\/herrkamera.de\/de\/wp-json\/wp\/v2\/pages\/2805\/\">\n<input type=\"hidden\" class=\"jet-form-builder__field hidden-field\" name=\"__queried_post_id\" data-field-name=\"__queried_post_id\" value=\"2805\">\n\n<div class=\"wp-block-columns is-layout-flex wp-container-core-columns-is-layout-28f84493 wp-block-columns-is-layout-flex\">\n<div class=\"wp-block-column is-layout-flow wp-block-column-is-layout-flow\"><div  class=\"jet-form-builder-row field-type-text-field\" >\n<div class=\"jet-form-builder__label\">\r\n<div class=\"jet-form-builder__label-text\">First Name <span class=\"jet-form-builder__required\">*<\/span><\/div><\/div><div class=\"jet-form-builder__field-wrap\">\n\t\t\t\t<input required=\"required\" name=\"first_name\" id=\"first_name\" type=\"text\" data-field-name=\"first_name\" class=\"jet-form-builder__field text-field\" data-jfb-sync=\"null\" autocomplete=\"off_4NX3YCcq\">\n\t\t\t\t\t<\/div>\n<\/div><\/div>\n\n\n\n<div class=\"wp-block-column is-layout-flow wp-block-column-is-layout-flow\"><div  class=\"jet-form-builder-row field-type-text-field\" >\n<div class=\"jet-form-builder__label\">\r\n<div class=\"jet-form-builder__label-text\">Last Name <span class=\"jet-form-builder__required\">*<\/span><\/div><\/div><div class=\"jet-form-builder__field-wrap\">\n\t\t\t\t<input required=\"required\" name=\"last_name\" id=\"last_name\" type=\"text\" data-field-name=\"last_name\" class=\"jet-form-builder__field text-field\" data-jfb-sync=\"null\" autocomplete=\"off_otLGfuF2\">\n\t\t\t\t\t<\/div>\n<\/div><\/div>\n<\/div>\n\n\n\n<div class=\"wp-block-columns is-layout-flex wp-container-core-columns-is-layout-28f84493 wp-block-columns-is-layout-flex\">\n<div class=\"wp-block-column is-layout-flow wp-block-column-is-layout-flow\" style=\"flex-basis:50%\"><div  class=\"jet-form-builder-row field-type-text-field\" >\n<div class=\"jet-form-builder__label\">\r\n<div class=\"jet-form-builder__label-text\">E-mail <span class=\"jet-form-builder__required\">*<\/span><\/div><\/div><div class=\"jet-form-builder__field-wrap\">\n\t\t\t\t<input required=\"required\" name=\"mail\" id=\"mail\" type=\"email\" data-field-name=\"mail\" class=\"jet-form-builder__field text-field\" data-jfb-sync=\"null\" autocomplete=\"off_eRYw8rUZ\">\n\t\t\t\t\t<\/div>\n<\/div><\/div>\n\n\n\n<div class=\"wp-block-column is-layout-flow wp-block-column-is-layout-flow\" style=\"flex-basis:50%\"><div  class=\"jet-form-builder-row field-type-number-field\" >\n<div class=\"jet-form-builder__label\">\r\n<div class=\"jet-form-builder__label-text\">Phone Number <span class=\"jet-form-builder__required\">*<\/span><\/div><\/div><div class=\"jet-form-builder__field-wrap\">\n\t\t<input type=\"number\" class=\"jet-form-builder__field text-field\" required=\"required\" name=\"phone_number\" data-field-name=\"phone_number\" id=\"phone_number\" data-jfb-sync=\"null\">\n\t<\/div>\n<\/div><\/div>\n<\/div>\n\n\n<div  class=\"jet-form-builder-row field-type-textarea-field\" >\n<div class=\"jet-form-builder__label\">\r\n<div class=\"jet-form-builder__label-text\">Project Description <span class=\"jet-form-builder__required\">*<\/span><\/div><\/div><div class=\"jet-form-builder__field-wrap\">\n\t\t<textarea class=\"jet-form-builder__field textarea-field\" required=\"required\" name=\"project_description\" data-field-name=\"project_description\" id=\"project_description\" data-jfb-sync=\"null\" minlength=\"150\"><\/textarea>\n\t<\/div>\n<\/div>\n\n\n<div class=\"wp-block-columns is-layout-flex wp-container-core-columns-is-layout-28f84493 wp-block-columns-is-layout-flex\">\n<div class=\"wp-block-column is-layout-flow wp-block-column-is-layout-flow\" style=\"flex-basis:50%\"><div  class=\"jet-form-builder-row field-type-radio-field wp-block-jet-forms-radio-field\">\n<div class=\"jet-form-builder__label\">\r\n<div class=\"jet-form-builder__label-text\">Consulting Model <span class=\"jet-form-builder__required\">*<\/span><\/div><\/div><div class=\"jet-form-builder__fields-group checkradio-wrap\" data-jfb-sync><div class=\"jet-form-builder__field-wrap radio-wrap checkradio-wrap\"><label class=\"jet-form-builder__field-label for-radio\">\n<input type=\"radio\" name=\"consulting_model\" value=\"In_person_visit\" data-field-name=\"consulting_model\"  class=\"jet-form-builder__field radio-field checkradio-field\" required=\"required\"><span>In-person visit<\/span><\/label><\/div><div class=\"jet-form-builder__field-wrap radio-wrap checkradio-wrap\"><label class=\"jet-form-builder__field-label for-radio\">\n<input type=\"radio\" name=\"consulting_model\" value=\"Online_GmailGoogle_Meet\" data-field-name=\"consulting_model\"  class=\"jet-form-builder__field radio-field checkradio-field\" required=\"required\"><span>Online (Gmail - Google Meet)<\/span><\/label><\/div><div class=\"jet-form-builder__field-wrap radio-wrap checkradio-wrap\"><label class=\"jet-form-builder__field-label for-radio\">\n<input type=\"radio\" name=\"consulting_model\" value=\"Telephone \" data-field-name=\"consulting_model\"  class=\"jet-form-builder__field radio-field checkradio-field\" required=\"required\"><span>Telephone (phone number for consultation)<\/span><\/label><\/div><\/div>\n<\/div><\/div>\n\n\n\n<div class=\"wp-block-column is-layout-flow wp-block-column-is-layout-flow\" style=\"flex-basis:50%\">\n<h2 class=\"wp-block-heading has-white-color has-text-color has-link-color wp-elements-ac22cb59de4cd961cb533c85c2d78d1b\"><strong>Price <\/strong>: 150$<\/h2>\n<\/div>\n<\/div>\n\n\n<div  class=\"jet-form-builder-row field-type-appointment-date\" >\n<div class=\"jet-form-builder__label\">\r\n<div class=\"jet-form-builder__label-text\">Select Date <span class=\"jet-form-builder__required\">*<\/span><\/div><\/div><div class=\"jet-apb-calendar-wrapper\">\n\t<div class=\"appointment-calendar jet-apb-calendar\" data-args=\"{&quot;booking_type&quot;:&quot;slot&quot;,&quot;excludedDates&quot;:[],&quot;datesMode&quot;:&quot;override_full&quot;,&quot;worksDates&quot;:[{&quot;start&quot;:1735689600,&quot;end&quot;:1924905600}],&quot;datesRange&quot;:{&quot;start&quot;:0,&quot;end&quot;:0},&quot;availableWeekDays&quot;:[&quot;monday&quot;,&quot;tuesday&quot;,&quot;wednesday&quot;,&quot;thursday&quot;,&quot;friday&quot;],&quot;service&quot;:{&quot;field&quot;:&quot;service-id&quot;},&quot;providerIsset&quot;:false,&quot;provider&quot;:false,&quot;inputName&quot;:&quot;consulting_date&quot;,&quot;isRequired&quot;:true,&quot;allowedServices&quot;:false}\"><\/div>\n\n\t\t<div class=\"jet-apb-calendar-appointments-list-wrapper\" style=\"display: none\">\n\t\t<div class=\"jet-form-builder__heading\">\n\t\t\t<span class=\"jet-form-builder__label-text\">Appointment details:<\/span>\n\t\t<\/div>\n\t\t<div class=\"jet-apb-calendar-appointments-list\"><\/div>\n\t<\/div>\n\t<div class=\"jet-apb-calendar-notification\" style=\"display: none\">\n\t\t<div class=\"jet-apb-calendar-notification-service\">Please, select the service first.<\/div>\n\t\t<div class=\"jet-apb-calendar-notification-provider\">Please, select the provider first.<\/div>\n\t\t<div class=\"jet-apb-calendar-notification-service-field\">Please set service field for current calendar<\/div>\n\t\t<div class=\"jet-apb-calendar-notification-max-slots\">Sorry. You have the max number of appointments.<\/div>\n\t<\/div>\n<\/div>\n<\/div>\n\n\n<input type=\"hidden\" class=\"jet-form-builder__field hidden-field\" name=\"current_date\" data-field-name=\"current_date\" data-jfb-sync=\"null\" value=\"Sa.p.m.31Europe\/Berlin: 2026-05-16  CEST4905Europe\/Berlin: 17:49\">\n\n\n\n<div  class=\"jet-form-builder-row field-type-submit-field\" >\n\t<div data-type=\"submit\" class=\"jet-form-builder__action-button-wrapper jet-form-builder__submit-wrap\">\n\t<button class=\"jet-form-builder__action-button jet-form-builder__submit submit-type-reload\" type=\"submit\">Submit<\/button>\n\t<\/div>\n\t\n<\/div>\n\n\n<p><\/p>\n\n\n\n<input type=\"hidden\" class=\"jet-form-builder__field hidden-field\" name=\"provide-id\" data-field-name=\"provide-id\" data-jfb-sync=\"null\" value=\"1476\">\n\n\n\n\n<input type=\"hidden\" class=\"jet-form-builder__field hidden-field\" name=\"service-id\" data-field-name=\"service-id\" data-jfb-sync=\"null\" value=\"2805\">\n\n\n\n\n\n\n<p><\/p>\n\t<div class=\"jet-form-builder-messages-wrap\" data-form-id=\"1772\"><\/div>\n<\/form>\n\t\t\t\t<\/div>\n\t\t\t\t<\/div>\n\t\t\t\t<div class=\"elementor-element elementor-element-4033fdc elementor-widget elementor-widget-text-editor\" data-id=\"4033fdc\" data-element_type=\"widget\" data-e-type=\"widget\" data-widget_type=\"text-editor.default\">\n\t\t\t\t\t\t\t\t\t<p>Wichtiger Hinweis:<\/p><p>Bitte beachten Sie, dass f\u00fcr die Reservierung Ihres Videografie-Termins eine Geb\u00fchr von 150 \u20ac f\u00e4llig wird. Diese Geb\u00fchr ist im Falle einer Stornierung nicht erstattungsf\u00e4hig.<\/p>\t\t\t\t\t\t\t\t<\/div>\n\t\t\t\t<\/div>\n\t\t\t\t\t<\/div>\n\t\t\t\t<\/div>\n\t\t\t\t<\/div>\n\t\t","protected":false},"excerpt":{"rendered":"<p>Anmeldeformular f\u00fcr Modellberatungsauftr\u00e4ge Modellierungsberatung Wir bieten Ihnen eine professionelle Experten-Modellierungsberatung, die auf Ihre Bed\u00fcrfnisse zugeschnitten ist. Unsere Beratungen vor Ort Unser Beratungsservice f\u00fcr Models bietet professionelle Unterst\u00fctzung, die auf Ihre Ziele zugeschnitten ist. Egal, ob Sie Ihre Modelkarriere starten oder Ihr Portfolio optimieren m\u00f6chten \u2013 wir bieten Ihnen Expertenrat, strategische Planung und individuelle Betreuung f\u00fcr [&hellip;]<\/p>\n","protected":false},"author":1,"featured_media":0,"parent":0,"menu_order":0,"comment_status":"closed","ping_status":"closed","template":"elementor_header_footer","meta":{"_jf_save_progress":"","_jf_schedule_form":"","_jf_limit_responses":"","footnotes":""},"class_list":["post-2805","page","type-page","status-publish","hentry"],"_links":{"self":[{"href":"https:\/\/herrkamera.de\/de\/wp-json\/wp\/v2\/pages\/2805","targetHints":{"allow":["GET"]}}],"collection":[{"href":"https:\/\/herrkamera.de\/de\/wp-json\/wp\/v2\/pages"}],"about":[{"href":"https:\/\/herrkamera.de\/de\/wp-json\/wp\/v2\/types\/page"}],"author":[{"embeddable":true,"href":"https:\/\/herrkamera.de\/de\/wp-json\/wp\/v2\/users\/1"}],"replies":[{"embeddable":true,"href":"https:\/\/herrkamera.de\/de\/wp-json\/wp\/v2\/comments?post=2805"}],"version-history":[{"count":3,"href":"https:\/\/herrkamera.de\/de\/wp-json\/wp\/v2\/pages\/2805\/revisions"}],"predecessor-version":[{"id":3607,"href":"https:\/\/herrkamera.de\/de\/wp-json\/wp\/v2\/pages\/2805\/revisions\/3607"}],"wp:attachment":[{"href":"https:\/\/herrkamera.de\/de\/wp-json\/wp\/v2\/media?parent=2805"}],"curies":[{"name":"wp","href":"https:\/\/api.w.org\/{rel}","templated":true}]}}